{"id":1136,"date":"2022-09-19T12:51:34","date_gmt":"2022-09-19T10:51:34","guid":{"rendered":"https:\/\/piscinesetrenovations.fr\/?page_id=1136"},"modified":"2023-12-10T18:20:00","modified_gmt":"2023-12-10T17:20:00","slug":"reparation-de-piscine-clermont-lherault","status":"publish","type":"page","link":"https:\/\/piscinesetrenovations.fr\/mystaging\/reparation-de-piscine-clermont-lherault\/","title":{"rendered":"R\u00e9paration de piscine Clermont l&rsquo;H\u00e9rault"},"content":{"rendered":"\t\t<div data-elementor-type=\"wp-post\" data-elementor-id=\"1136\" class=\"elementor elementor-1136\" data-elementor-post-type=\"page\">\n\t\t\t\t\t\t<section class=\"elementor-section elementor-top-section elementor-element elementor-element-48c7ad9 elementor-section-stretched elementor-section-full_width elementor-section-height-default elementor-section-height-default\" data-id=\"48c7ad9\" data-element_type=\"section\" data-settings=\"{&quot;stretch_section&quot;:&quot;section-stretched&quot;}\">\n\t\t\t\t\t\t<div class=\"elementor-container elementor-column-gap-default\">\n\t\t\t\t\t<div class=\"elementor-column elementor-col-100 elementor-top-column elementor-element elementor-element-30f31a1\" data-id=\"30f31a1\" data-element_type=\"column\">\n\t\t\t<div class=\"elementor-widget-wrap elementor-element-populated\">\n\t\t\t\t\t\t<div class=\"elementor-element elementor-element-e70c3f6 elementor-invisible elementor-widget elementor-widget-heading\" data-id=\"e70c3f6\" data-element_type=\"widget\" data-settings=\"{&quot;_animation&quot;:&quot;fadeInLeft&quot;,&quot;_animation_delay&quot;:500}\" data-widget_type=\"heading.default\">\n\t\t\t\t<div class=\"elementor-widget-container\">\n\t\t\t\t\t<h1 class=\"elementor-heading-title elementor-size-default\">R\u00e9paration de piscine<\/h1>\t\t\t\t<\/div>\n\t\t\t\t<\/div>\n\t\t\t\t\t<\/div>\n\t\t<\/div>\n\t\t\t\t\t<\/div>\n\t\t<\/section>\n\t\t\t\t<section class=\"elementor-section elementor-top-section elementor-element elementor-element-dbf653a elementor-section-boxed elementor-section-height-default elementor-section-height-default\" data-id=\"dbf653a\" data-element_type=\"section\" data-settings=\"{&quot;background_background&quot;:&quot;gradient&quot;}\">\n\t\t\t\t\t\t<div class=\"elementor-container elementor-column-gap-default\">\n\t\t\t\t\t<div class=\"elementor-column elementor-col-50 elementor-top-column elementor-element elementor-element-6f2dd1f elementor-invisible\" data-id=\"6f2dd1f\" data-element_type=\"column\" data-settings=\"{&quot;animation&quot;:&quot;fadeInRight&quot;,&quot;animation_delay&quot;:300,&quot;background_background&quot;:&quot;classic&quot;}\">\n\t\t\t<div class=\"elementor-widget-wrap elementor-element-populated\">\n\t\t\t\t\t\t<div class=\"elementor-element elementor-element-518077c elementor-invisible elementor-widget elementor-widget-text-editor\" data-id=\"518077c\" data-element_type=\"widget\" data-settings=\"{&quot;_animation_delay&quot;:600,&quot;_animation&quot;:&quot;fadeInLeft&quot;}\" data-widget_type=\"text-editor.default\">\n\t\t\t\t<div class=\"elementor-widget-container\">\n\t\t\t\t\t\t\t\t\t<p><span style=\"vertical-align: inherit;\"><span style=\"vertical-align: inherit;\">PISCINE &amp; R\u00c9NOVATION r\u00e9pare votre piscine traditionnelle.<\/span><\/span><\/p>\t\t\t\t\t\t\t\t<\/div>\n\t\t\t\t<\/div>\n\t\t\t\t<div class=\"elementor-element elementor-element-5ad37f2 elementor-icon-list--layout-traditional elementor-list-item-link-full_width elementor-widget elementor-widget-icon-list\" data-id=\"5ad37f2\" data-element_type=\"widget\" data-widget_type=\"icon-list.default\">\n\t\t\t\t<div class=\"elementor-widget-container\">\n\t\t\t\t\t\t\t<ul class=\"elementor-icon-list-items\">\n\t\t\t\t\t\t\t<li class=\"elementor-icon-list-item\">\n\t\t\t\t\t\t\t\t\t\t\t<span class=\"elementor-icon-list-icon\">\n\t\t\t\t\t\t\t<i aria-hidden=\"true\" class=\"fas fa-check\"><\/i>\t\t\t\t\t\t<\/span>\n\t\t\t\t\t\t\t\t\t\t<span class=\"elementor-icon-list-text\">\u00c9tude et DEVIS GRATUIT<\/span>\n\t\t\t\t\t\t\t\t\t<\/li>\n\t\t\t\t\t\t\t\t<li class=\"elementor-icon-list-item\">\n\t\t\t\t\t\t\t\t\t\t\t<span class=\"elementor-icon-list-icon\">\n\t\t\t\t\t\t\t<i aria-hidden=\"true\" class=\"fas fa-check\"><\/i>\t\t\t\t\t\t<\/span>\n\t\t\t\t\t\t\t\t\t\t<span class=\"elementor-icon-list-text\">Toutes r\u00e9parations<\/span>\n\t\t\t\t\t\t\t\t\t<\/li>\n\t\t\t\t\t\t\t\t<li class=\"elementor-icon-list-item\">\n\t\t\t\t\t\t\t\t\t\t\t<span class=\"elementor-icon-list-icon\">\n\t\t\t\t\t\t\t<i aria-hidden=\"true\" class=\"fas fa-check\"><\/i>\t\t\t\t\t\t<\/span>\n\t\t\t\t\t\t\t\t\t\t<span class=\"elementor-icon-list-text\">Sauf r\u00e9paration de coque polyester<\/span>\n\t\t\t\t\t\t\t\t\t<\/li>\n\t\t\t\t\t\t\t\t<li class=\"elementor-icon-list-item\">\n\t\t\t\t\t\t\t\t\t\t\t<span class=\"elementor-icon-list-icon\">\n\t\t\t\t\t\t\t<i aria-hidden=\"true\" class=\"fas fa-check\"><\/i>\t\t\t\t\t\t<\/span>\n\t\t\t\t\t\t\t\t\t\t<span class=\"elementor-icon-list-text\">R\u00e9novation de bassin<\/span>\n\t\t\t\t\t\t\t\t\t<\/li>\n\t\t\t\t\t\t\t\t<li class=\"elementor-icon-list-item\">\n\t\t\t\t\t\t\t\t\t\t\t<span class=\"elementor-icon-list-icon\">\n\t\t\t\t\t\t\t<i aria-hidden=\"true\" class=\"fas fa-check\"><\/i>\t\t\t\t\t\t<\/span>\n\t\t\t\t\t\t\t\t\t\t<span class=\"elementor-icon-list-text\">Reprise d'\u00e9tanch\u00e9it\u00e9<\/span>\n\t\t\t\t\t\t\t\t\t<\/li>\n\t\t\t\t\t\t\t\t<li class=\"elementor-icon-list-item\">\n\t\t\t\t\t\t\t\t\t\t\t<span class=\"elementor-icon-list-icon\">\n\t\t\t\t\t\t\t<i aria-hidden=\"true\" class=\"fas fa-check\"><\/i>\t\t\t\t\t\t<\/span>\n\t\t\t\t\t\t\t\t\t\t<span class=\"elementor-icon-list-text\">Remplacement de liner <\/span>\n\t\t\t\t\t\t\t\t\t<\/li>\n\t\t\t\t\t\t\t\t<li class=\"elementor-icon-list-item\">\n\t\t\t\t\t\t\t\t\t\t\t<span class=\"elementor-icon-list-icon\">\n\t\t\t\t\t\t\t<i aria-hidden=\"true\" class=\"fas fa-check\"><\/i>\t\t\t\t\t\t<\/span>\n\t\t\t\t\t\t\t\t\t\t<span class=\"elementor-icon-list-text\">Membrane arm\u00e9e PVC<\/span>\n\t\t\t\t\t\t\t\t\t<\/li>\n\t\t\t\t\t\t<\/ul>\n\t\t\t\t\t\t<\/div>\n\t\t\t\t<\/div>\n\t\t\t\t\t<\/div>\n\t\t<\/div>\n\t\t\t\t<div class=\"elementor-column elementor-col-100 elementor-top-column elementor-element elementor-element-6fc6c73\" data-id=\"6fc6c73\" data-element_type=\"column\">\n\t\t\t<div class=\"elementor-widget-wrap elementor-element-populated\">\n\t\t\t\t\t\t<div class=\"elementor-element elementor-element-c0964c2 elementor-invisible elementor-widget elementor-widget-image\" data-id=\"c0964c2\" data-element_type=\"widget\" data-settings=\"{&quot;_animation&quot;:&quot;fadeInRight&quot;,&quot;_animation_delay&quot;:700}\" data-widget_type=\"image.default\">\n\t\t\t\t<div class=\"elementor-widget-container\">\n\t\t\t\t\t\t\t\t\t\t\t\t\t\t\t\t<a href=\"https:\/\/piscinesetrenovations.fr\/mystaging\/wp-content\/uploads\/2019\/02\/23795668_1139978532801604_6047846669498501399_n.jpg\" data-elementor-open-lightbox=\"yes\" data-elementor-lightbox-title=\"reparation-de-piscine\" data-elementor-lightbox-description=\"R\u00e9paration de piscine Clermont l&#039;H\u00e9rault\" data-e-action-hash=\"#elementor-action%3Aaction%3Dlightbox%26settings%3DeyJpZCI6MzYsInVybCI6Imh0dHBzOlwvXC9waXNjaW5lc2V0cmVub3ZhdGlvbnMuZnJcL215c3RhZ2luZ1wvd3AtY29udGVudFwvdXBsb2Fkc1wvMjAxOVwvMDJcLzIzNzk1NjY4XzExMzk5Nzg1MzI4MDE2MDRfNjA0Nzg0NjY2OTQ5ODUwMTM5OV9uLmpwZyJ9\">\n\t\t\t\t\t\t\t<img fetchpriority=\"high\" decoding=\"async\" width=\"541\" height=\"960\" src=\"https:\/\/piscinesetrenovations.fr\/mystaging\/wp-content\/uploads\/2019\/02\/23795668_1139978532801604_6047846669498501399_n.jpg\" class=\"elementor-animation-shrink attachment-full size-full wp-image-36\" alt=\"R\u00e9paration de piscine Clermont l&#039;H\u00e9rault\" srcset=\"https:\/\/piscinesetrenovations.fr\/mystaging\/wp-content\/uploads\/2019\/02\/23795668_1139978532801604_6047846669498501399_n.jpg 541w, https:\/\/piscinesetrenovations.fr\/mystaging\/wp-content\/uploads\/2019\/02\/23795668_1139978532801604_6047846669498501399_n-169x300.jpg 169w\" sizes=\"(max-width: 541px) 100vw, 541px\" \/>\t\t\t\t\t\t\t\t<\/a>\n\t\t\t\t\t\t\t\t\t\t\t\t\t\t\t<\/div>\n\t\t\t\t<\/div>\n\t\t\t\t<div class=\"elementor-element elementor-element-93d7ca0 elementor-widget elementor-widget-spacer\" data-id=\"93d7ca0\" data-element_type=\"widget\" data-widget_type=\"spacer.default\">\n\t\t\t\t<div class=\"elementor-widget-container\">\n\t\t\t\t\t\t\t<div class=\"elementor-spacer\">\n\t\t\t<div class=\"elementor-spacer-inner\"><\/div>\n\t\t<\/div>\n\t\t\t\t\t\t<\/div>\n\t\t\t\t<\/div>\n\t\t\t\t\t<\/div>\n\t\t<\/div>\n\t\t\t\t\t<\/div>\n\t\t<\/section>\n\t\t\t\t<section class=\"elementor-section elementor-top-section elementor-element elementor-element-ccbf583 elementor-section-boxed elementor-section-height-default elementor-section-height-default elementor-invisible\" data-id=\"ccbf583\" data-element_type=\"section\" data-settings=\"{&quot;animation&quot;:&quot;fadeInUp&quot;,&quot;animation_delay&quot;:400,&quot;background_background&quot;:&quot;classic&quot;}\">\n\t\t\t\t\t\t<div class=\"elementor-container elementor-column-gap-default\">\n\t\t\t\t\t<div class=\"elementor-column elementor-col-100 elementor-top-column elementor-element elementor-element-0ee2ded\" data-id=\"0ee2ded\" data-element_type=\"column\">\n\t\t\t<div class=\"elementor-widget-wrap elementor-element-populated\">\n\t\t\t\t\t\t<div class=\"elementor-element elementor-element-f66ff46 elementor-invisible elementor-widget elementor-widget-heading\" data-id=\"f66ff46\" data-element_type=\"widget\" data-settings=\"{&quot;_animation&quot;:&quot;fadeInLeft&quot;,&quot;_animation_delay&quot;:500}\" data-widget_type=\"heading.default\">\n\t\t\t\t<div class=\"elementor-widget-container\">\n\t\t\t\t\t<p class=\"elementor-heading-title elementor-size-default\">Envie de r\u00e9aliser un devis?<\/p>\t\t\t\t<\/div>\n\t\t\t\t<\/div>\n\t\t\t\t<div class=\"elementor-element elementor-element-d8aa0a4 elementor-invisible elementor-widget elementor-widget-heading\" data-id=\"d8aa0a4\" data-element_type=\"widget\" data-settings=\"{&quot;_animation&quot;:&quot;fadeInLeft&quot;,&quot;_animation_delay&quot;:600}\" data-widget_type=\"heading.default\">\n\t\t\t\t<div class=\"elementor-widget-container\">\n\t\t\t\t\t<p class=\"elementor-heading-title elementor-size-default\">Nous sommes disponibles pour r\u00e9pondre \u00e0 vos questions et venir vous rencontrer du lundi au samedi de 8h30 \u00e0 19h.<\/p>\t\t\t\t<\/div>\n\t\t\t\t<\/div>\n\t\t\t\t<div class=\"elementor-element elementor-element-3ab8782 elementor-align-center elementor-mobile-align-justify elementor-button-info elementor-invisible elementor-widget elementor-widget-button\" data-id=\"3ab8782\" data-element_type=\"widget\" data-settings=\"{&quot;_animation&quot;:&quot;fadeInUp&quot;,&quot;_animation_delay&quot;:700}\" data-widget_type=\"button.default\">\n\t\t\t\t<div class=\"elementor-widget-container\">\n\t\t\t\t\t\t\t\t\t<div class=\"elementor-button-wrapper\">\n\t\t\t\t\t<a class=\"elementor-button elementor-button-link elementor-size-sm\" href=\"tel:0699318687\">\n\t\t\t\t\t\t<span class=\"elementor-button-content-wrapper\">\n\t\t\t\t\t\t<span class=\"elementor-button-icon\">\n\t\t\t\t<i aria-hidden=\"true\" class=\"fas fa-mobile-alt\"><\/i>\t\t\t<\/span>\n\t\t\t\t\t\t\t\t\t<span class=\"elementor-button-text\">Service commercial 06 99 31 86 87<\/span>\n\t\t\t\t\t<\/span>\n\t\t\t\t\t<\/a>\n\t\t\t\t<\/div>\n\t\t\t\t\t\t\t\t<\/div>\n\t\t\t\t<\/div>\n\t\t\t\t\t<\/div>\n\t\t<\/div>\n\t\t\t\t\t<\/div>\n\t\t<\/section>\n\t\t\t\t<section class=\"elementor-section elementor-top-section elementor-element elementor-element-c82f98d elementor-section-stretched elementor-section-boxed elementor-section-height-default elementor-section-height-default\" data-id=\"c82f98d\" data-element_type=\"section\" data-settings=\"{&quot;stretch_section&quot;:&quot;section-stretched&quot;}\">\n\t\t\t\t\t\t<div class=\"elementor-container elementor-column-gap-default\">\n\t\t\t\t\t<div class=\"elementor-column elementor-col-100 elementor-top-column elementor-element elementor-element-8b08078\" data-id=\"8b08078\" data-element_type=\"column\">\n\t\t\t<div class=\"elementor-widget-wrap elementor-element-populated\">\n\t\t\t\t\t\t<div class=\"elementor-element elementor-element-5dfd203 elementor-widget elementor-widget-image\" data-id=\"5dfd203\" data-element_type=\"widget\" data-widget_type=\"image.default\">\n\t\t\t\t<div class=\"elementor-widget-container\">\n\t\t\t\t\t\t\t\t\t\t\t\t\t\t\t<img decoding=\"async\" width=\"1280\" height=\"853\" src=\"https:\/\/piscinesetrenovations.fr\/mystaging\/wp-content\/uploads\/2019\/02\/blue-2705642_1280-2.jpg\" class=\"attachment-full size-full wp-image-48\" alt=\"\" srcset=\"https:\/\/piscinesetrenovations.fr\/mystaging\/wp-content\/uploads\/2019\/02\/blue-2705642_1280-2.jpg 1280w, https:\/\/piscinesetrenovations.fr\/mystaging\/wp-content\/uploads\/2019\/02\/blue-2705642_1280-2-300x200.jpg 300w, https:\/\/piscinesetrenovations.fr\/mystaging\/wp-content\/uploads\/2019\/02\/blue-2705642_1280-2-768x512.jpg 768w, https:\/\/piscinesetrenovations.fr\/mystaging\/wp-content\/uploads\/2019\/02\/blue-2705642_1280-2-1024x682.jpg 1024w\" sizes=\"(max-width: 1280px) 100vw, 1280px\" \/>\t\t\t\t\t\t\t\t\t\t\t\t\t\t\t<\/div>\n\t\t\t\t<\/div>\n\t\t\t\t\t<\/div>\n\t\t<\/div>\n\t\t\t\t\t<\/div>\n\t\t<\/section>\n\t\t\t\t<\/div>\n\t\t","protected":false},"excerpt":{"rendered":"<p>R\u00e9paration de piscine PISCINE &amp; R\u00c9NOVATION r\u00e9pare votre piscine traditionnelle. \u00c9tude et DEVIS GRATUIT Toutes r\u00e9parations Sauf r\u00e9paration de coque polyester R\u00e9novation de bassin Reprise d&rsquo;\u00e9tanch\u00e9it\u00e9 Remplacement de liner Membrane arm\u00e9e PVC Envie de r\u00e9aliser un devis? Nous sommes disponibles pour r\u00e9pondre \u00e0 vos questions et venir vous rencontrer du lundi au samedi de 8h30 &#8230; <a title=\"R\u00e9paration de piscine Clermont l&rsquo;H\u00e9rault\" class=\"read-more\" href=\"https:\/\/piscinesetrenovations.fr\/mystaging\/reparation-de-piscine-clermont-lherault\/\">Lire la suite<span class=\"screen-reader-text\">R\u00e9paration de piscine Clermont l&rsquo;H\u00e9rault<\/span><\/a><\/p>\n","protected":false},"author":2,"featured_media":0,"parent":0,"menu_order":0,"comment_status":"closed","ping_status":"closed","template":"elementor_header_footer","meta":{"footnotes":""},"yoast_head":"<!-- This site is optimized with the Yoast SEO plugin v24.5 - https:\/\/yoast.com\/wordpress\/plugins\/seo\/ -->\n<title>R\u00c9PARATION DE PISCINE | Piscines &amp; R\u00e9novations H\u00e9rault<\/title>\n<meta name=\"description\" content=\"R\u00e9paration de piscine, toutes r\u00e9parations sauf coques polyester \u00e0 Clermont l&#039;H\u00e9rault, P\u00e9zenas, Montpellier, B\u00e9ziers. Piscines en kit.\" \/>\n<meta name=\"robots\" content=\"noindex, follow, max-snippet:-1, max-image-preview:large, max-video-preview:-1\" \/>\n<meta property=\"og:locale\" content=\"fr_FR\" \/>\n<meta property=\"og:type\" content=\"article\" \/>\n<meta property=\"og:title\" content=\"R\u00c9PARATION DE PISCINE | Piscines &amp; R\u00e9novations H\u00e9rault\" \/>\n<meta property=\"og:description\" content=\"R\u00e9paration de piscine, toutes r\u00e9parations sauf coques polyester \u00e0 Clermont l&#039;H\u00e9rault, P\u00e9zenas, Montpellier, B\u00e9ziers. Piscines en kit.\" \/>\n<meta property=\"og:url\" content=\"https:\/\/piscinesetrenovations.fr\/mystaging\/reparation-de-piscine-clermont-lherault\/\" \/>\n<meta property=\"og:site_name\" content=\"PISCINE ET RENOVATION\" \/>\n<meta property=\"article:publisher\" content=\"https:\/\/www.facebook.com\/piscinesetrenovations\/?modal=admin_todo_tour\" \/>\n<meta property=\"article:modified_time\" content=\"2023-12-10T17:20:00+00:00\" \/>\n<meta property=\"og:image\" content=\"https:\/\/piscinesetrenovations.fr\/mystaging\/wp-content\/uploads\/2019\/02\/23795668_1139978532801604_6047846669498501399_n.jpg\" \/>\n<meta name=\"twitter:card\" content=\"summary_large_image\" \/>\n<meta name=\"twitter:label1\" content=\"Dur\u00e9e de lecture estim\u00e9e\" \/>\n\t<meta name=\"twitter:data1\" content=\"1 minute\" \/>\n<script type=\"application\/ld+json\" class=\"yoast-schema-graph\">{\"@context\":\"https:\/\/schema.org\",\"@graph\":[{\"@type\":\"WebPage\",\"@id\":\"https:\/\/piscinesetrenovations.fr\/mystaging\/reparation-de-piscine-clermont-lherault\/\",\"url\":\"https:\/\/piscinesetrenovations.fr\/mystaging\/reparation-de-piscine-clermont-lherault\/\",\"name\":\"R\u00c9PARATION DE PISCINE | Piscines & R\u00e9novations H\u00e9rault\",\"isPartOf\":{\"@id\":\"https:\/\/piscinesetrenovations.fr\/mystaging\/#website\"},\"primaryImageOfPage\":{\"@id\":\"https:\/\/piscinesetrenovations.fr\/mystaging\/reparation-de-piscine-clermont-lherault\/#primaryimage\"},\"image\":{\"@id\":\"https:\/\/piscinesetrenovations.fr\/mystaging\/reparation-de-piscine-clermont-lherault\/#primaryimage\"},\"thumbnailUrl\":\"https:\/\/piscinesetrenovations.fr\/mystaging\/wp-content\/uploads\/2019\/02\/23795668_1139978532801604_6047846669498501399_n.jpg\",\"datePublished\":\"2022-09-19T10:51:34+00:00\",\"dateModified\":\"2023-12-10T17:20:00+00:00\",\"description\":\"R\u00e9paration de piscine, toutes r\u00e9parations sauf coques polyester \u00e0 Clermont l'H\u00e9rault, P\u00e9zenas, Montpellier, B\u00e9ziers. Piscines en kit.\",\"breadcrumb\":{\"@id\":\"https:\/\/piscinesetrenovations.fr\/mystaging\/reparation-de-piscine-clermont-lherault\/#breadcrumb\"},\"inLanguage\":\"fr-FR\",\"potentialAction\":[{\"@type\":\"ReadAction\",\"target\":[\"https:\/\/piscinesetrenovations.fr\/mystaging\/reparation-de-piscine-clermont-lherault\/\"]}]},{\"@type\":\"ImageObject\",\"inLanguage\":\"fr-FR\",\"@id\":\"https:\/\/piscinesetrenovations.fr\/mystaging\/reparation-de-piscine-clermont-lherault\/#primaryimage\",\"url\":\"https:\/\/piscinesetrenovations.fr\/mystaging\/wp-content\/uploads\/2019\/02\/23795668_1139978532801604_6047846669498501399_n.jpg\",\"contentUrl\":\"https:\/\/piscinesetrenovations.fr\/mystaging\/wp-content\/uploads\/2019\/02\/23795668_1139978532801604_6047846669498501399_n.jpg\",\"width\":541,\"height\":960,\"caption\":\"R\u00e9paration de piscine Clermont l'H\u00e9rault\"},{\"@type\":\"BreadcrumbList\",\"@id\":\"https:\/\/piscinesetrenovations.fr\/mystaging\/reparation-de-piscine-clermont-lherault\/#breadcrumb\",\"itemListElement\":[{\"@type\":\"ListItem\",\"position\":1,\"name\":\"Accueil\",\"item\":\"https:\/\/piscinesetrenovations.fr\/mystaging\/\"},{\"@type\":\"ListItem\",\"position\":2,\"name\":\"R\u00e9paration de piscine Clermont l&rsquo;H\u00e9rault\"}]},{\"@type\":\"WebSite\",\"@id\":\"https:\/\/piscinesetrenovations.fr\/mystaging\/#website\",\"url\":\"https:\/\/piscinesetrenovations.fr\/mystaging\/\",\"name\":\"PISCINES ET RENOVATIONS\",\"description\":\"Constructeur de piscines Clermont l&#039;H\u00e9rault\",\"publisher\":{\"@id\":\"https:\/\/piscinesetrenovations.fr\/mystaging\/#organization\"},\"potentialAction\":[{\"@type\":\"SearchAction\",\"target\":{\"@type\":\"EntryPoint\",\"urlTemplate\":\"https:\/\/piscinesetrenovations.fr\/mystaging\/?s={search_term_string}\"},\"query-input\":{\"@type\":\"PropertyValueSpecification\",\"valueRequired\":true,\"valueName\":\"search_term_string\"}}],\"inLanguage\":\"fr-FR\"},{\"@type\":\"Organization\",\"@id\":\"https:\/\/piscinesetrenovations.fr\/mystaging\/#organization\",\"name\":\"PISCINES ET RENOVATIONS\",\"url\":\"https:\/\/piscinesetrenovations.fr\/mystaging\/\",\"logo\":{\"@type\":\"ImageObject\",\"inLanguage\":\"fr-FR\",\"@id\":\"https:\/\/piscinesetrenovations.fr\/mystaging\/#\/schema\/logo\/image\/\",\"url\":\"https:\/\/piscinesetrenovations.fr\/mystaging\/wp-content\/uploads\/2019\/04\/logo.png\",\"contentUrl\":\"https:\/\/piscinesetrenovations.fr\/mystaging\/wp-content\/uploads\/2019\/04\/logo.png\",\"width\":300,\"height\":300,\"caption\":\"PISCINES ET RENOVATIONS\"},\"image\":{\"@id\":\"https:\/\/piscinesetrenovations.fr\/mystaging\/#\/schema\/logo\/image\/\"},\"sameAs\":[\"https:\/\/www.facebook.com\/piscinesetrenovations\/?modal=admin_todo_tour\"]}]}<\/script>\n<!-- \/ Yoast SEO plugin. -->","yoast_head_json":{"title":"R\u00c9PARATION DE PISCINE | Piscines & R\u00e9novations H\u00e9rault","description":"R\u00e9paration de piscine, toutes r\u00e9parations sauf coques polyester \u00e0 Clermont l'H\u00e9rault, P\u00e9zenas, Montpellier, B\u00e9ziers. Piscines en kit.","robots":{"index":"noindex","follow":"follow","max-snippet":"max-snippet:-1","max-image-preview":"max-image-preview:large","max-video-preview":"max-video-preview:-1"},"og_locale":"fr_FR","og_type":"article","og_title":"R\u00c9PARATION DE PISCINE | Piscines & R\u00e9novations H\u00e9rault","og_description":"R\u00e9paration de piscine, toutes r\u00e9parations sauf coques polyester \u00e0 Clermont l'H\u00e9rault, P\u00e9zenas, Montpellier, B\u00e9ziers. Piscines en kit.","og_url":"https:\/\/piscinesetrenovations.fr\/mystaging\/reparation-de-piscine-clermont-lherault\/","og_site_name":"PISCINE ET RENOVATION","article_publisher":"https:\/\/www.facebook.com\/piscinesetrenovations\/?modal=admin_todo_tour","article_modified_time":"2023-12-10T17:20:00+00:00","og_image":[{"url":"https:\/\/piscinesetrenovations.fr\/mystaging\/wp-content\/uploads\/2019\/02\/23795668_1139978532801604_6047846669498501399_n.jpg","type":"","width":"","height":""}],"twitter_card":"summary_large_image","twitter_misc":{"Dur\u00e9e de lecture estim\u00e9e":"1 minute"},"schema":{"@context":"https:\/\/schema.org","@graph":[{"@type":"WebPage","@id":"https:\/\/piscinesetrenovations.fr\/mystaging\/reparation-de-piscine-clermont-lherault\/","url":"https:\/\/piscinesetrenovations.fr\/mystaging\/reparation-de-piscine-clermont-lherault\/","name":"R\u00c9PARATION DE PISCINE | Piscines & R\u00e9novations H\u00e9rault","isPartOf":{"@id":"https:\/\/piscinesetrenovations.fr\/mystaging\/#website"},"primaryImageOfPage":{"@id":"https:\/\/piscinesetrenovations.fr\/mystaging\/reparation-de-piscine-clermont-lherault\/#primaryimage"},"image":{"@id":"https:\/\/piscinesetrenovations.fr\/mystaging\/reparation-de-piscine-clermont-lherault\/#primaryimage"},"thumbnailUrl":"https:\/\/piscinesetrenovations.fr\/mystaging\/wp-content\/uploads\/2019\/02\/23795668_1139978532801604_6047846669498501399_n.jpg","datePublished":"2022-09-19T10:51:34+00:00","dateModified":"2023-12-10T17:20:00+00:00","description":"R\u00e9paration de piscine, toutes r\u00e9parations sauf coques polyester \u00e0 Clermont l'H\u00e9rault, P\u00e9zenas, Montpellier, B\u00e9ziers. Piscines en kit.","breadcrumb":{"@id":"https:\/\/piscinesetrenovations.fr\/mystaging\/reparation-de-piscine-clermont-lherault\/#breadcrumb"},"inLanguage":"fr-FR","potentialAction":[{"@type":"ReadAction","target":["https:\/\/piscinesetrenovations.fr\/mystaging\/reparation-de-piscine-clermont-lherault\/"]}]},{"@type":"ImageObject","inLanguage":"fr-FR","@id":"https:\/\/piscinesetrenovations.fr\/mystaging\/reparation-de-piscine-clermont-lherault\/#primaryimage","url":"https:\/\/piscinesetrenovations.fr\/mystaging\/wp-content\/uploads\/2019\/02\/23795668_1139978532801604_6047846669498501399_n.jpg","contentUrl":"https:\/\/piscinesetrenovations.fr\/mystaging\/wp-content\/uploads\/2019\/02\/23795668_1139978532801604_6047846669498501399_n.jpg","width":541,"height":960,"caption":"R\u00e9paration de piscine Clermont l'H\u00e9rault"},{"@type":"BreadcrumbList","@id":"https:\/\/piscinesetrenovations.fr\/mystaging\/reparation-de-piscine-clermont-lherault\/#breadcrumb","itemListElement":[{"@type":"ListItem","position":1,"name":"Accueil","item":"https:\/\/piscinesetrenovations.fr\/mystaging\/"},{"@type":"ListItem","position":2,"name":"R\u00e9paration de piscine Clermont l&rsquo;H\u00e9rault"}]},{"@type":"WebSite","@id":"https:\/\/piscinesetrenovations.fr\/mystaging\/#website","url":"https:\/\/piscinesetrenovations.fr\/mystaging\/","name":"PISCINES ET RENOVATIONS","description":"Constructeur de piscines Clermont l&#039;H\u00e9rault","publisher":{"@id":"https:\/\/piscinesetrenovations.fr\/mystaging\/#organization"},"potentialAction":[{"@type":"SearchAction","target":{"@type":"EntryPoint","urlTemplate":"https:\/\/piscinesetrenovations.fr\/mystaging\/?s={search_term_string}"},"query-input":{"@type":"PropertyValueSpecification","valueRequired":true,"valueName":"search_term_string"}}],"inLanguage":"fr-FR"},{"@type":"Organization","@id":"https:\/\/piscinesetrenovations.fr\/mystaging\/#organization","name":"PISCINES ET RENOVATIONS","url":"https:\/\/piscinesetrenovations.fr\/mystaging\/","logo":{"@type":"ImageObject","inLanguage":"fr-FR","@id":"https:\/\/piscinesetrenovations.fr\/mystaging\/#\/schema\/logo\/image\/","url":"https:\/\/piscinesetrenovations.fr\/mystaging\/wp-content\/uploads\/2019\/04\/logo.png","contentUrl":"https:\/\/piscinesetrenovations.fr\/mystaging\/wp-content\/uploads\/2019\/04\/logo.png","width":300,"height":300,"caption":"PISCINES ET RENOVATIONS"},"image":{"@id":"https:\/\/piscinesetrenovations.fr\/mystaging\/#\/schema\/logo\/image\/"},"sameAs":["https:\/\/www.facebook.com\/piscinesetrenovations\/?modal=admin_todo_tour"]}]}},"_links":{"self":[{"href":"https:\/\/piscinesetrenovations.fr\/mystaging\/wp-json\/wp\/v2\/pages\/1136"}],"collection":[{"href":"https:\/\/piscinesetrenovations.fr\/mystaging\/wp-json\/wp\/v2\/pages"}],"about":[{"href":"https:\/\/piscinesetrenovations.fr\/mystaging\/wp-json\/wp\/v2\/types\/page"}],"author":[{"embeddable":true,"href":"https:\/\/piscinesetrenovations.fr\/mystaging\/wp-json\/wp\/v2\/users\/2"}],"replies":[{"embeddable":true,"href":"https:\/\/piscinesetrenovations.fr\/mystaging\/wp-json\/wp\/v2\/comments?post=1136"}],"version-history":[{"count":0,"href":"https:\/\/piscinesetrenovations.fr\/mystaging\/wp-json\/wp\/v2\/pages\/1136\/revisions"}],"wp:attachment":[{"href":"https:\/\/piscinesetrenovations.fr\/mystaging\/wp-json\/wp\/v2\/media?parent=1136"}],"curies":[{"name":"wp","href":"https:\/\/api.w.org\/{rel}","templated":true}]}}