{"id":1148,"date":"2022-09-19T13:18:36","date_gmt":"2022-09-19T11:18:36","guid":{"rendered":"https:\/\/piscinesetrenovations.fr\/?page_id=1148"},"modified":"2023-12-10T18:23:18","modified_gmt":"2023-12-10T17:23:18","slug":"entretien-piscine-clermont-lherault","status":"publish","type":"page","link":"https:\/\/piscinesetrenovations.fr\/mystaging\/entretien-piscine-clermont-lherault\/","title":{"rendered":"Entretien de piscine \u00e0 l&rsquo;ann\u00e9e Clermont l&rsquo;H\u00e9rault"},"content":{"rendered":"\t\t<div data-elementor-type=\"wp-post\" data-elementor-id=\"1148\" class=\"elementor elementor-1148\" data-elementor-post-type=\"page\">\n\t\t\t\t\t\t<section class=\"elementor-section elementor-top-section elementor-element elementor-element-48c7ad9 elementor-section-stretched elementor-section-full_width elementor-section-height-default elementor-section-height-default\" data-id=\"48c7ad9\" data-element_type=\"section\" data-settings=\"{&quot;stretch_section&quot;:&quot;section-stretched&quot;}\">\n\t\t\t\t\t\t<div class=\"elementor-container elementor-column-gap-default\">\n\t\t\t\t\t<div class=\"elementor-column elementor-col-100 elementor-top-column elementor-element elementor-element-30f31a1\" data-id=\"30f31a1\" data-element_type=\"column\">\n\t\t\t<div class=\"elementor-widget-wrap elementor-element-populated\">\n\t\t\t\t\t\t<div class=\"elementor-element elementor-element-cf29044 elementor-invisible elementor-widget elementor-widget-heading\" data-id=\"cf29044\" data-element_type=\"widget\" data-settings=\"{&quot;_animation&quot;:&quot;fadeInLeft&quot;,&quot;_animation_delay&quot;:500}\" data-widget_type=\"heading.default\">\n\t\t\t\t<div class=\"elementor-widget-container\">\n\t\t\t\t\t<h1 class=\"elementor-heading-title elementor-size-default\">Entretien de piscine<\/h1>\t\t\t\t<\/div>\n\t\t\t\t<\/div>\n\t\t\t\t\t<\/div>\n\t\t<\/div>\n\t\t\t\t\t<\/div>\n\t\t<\/section>\n\t\t\t\t<section class=\"elementor-section elementor-top-section elementor-element elementor-element-dbf653a elementor-section-boxed elementor-section-height-default elementor-section-height-default\" data-id=\"dbf653a\" data-element_type=\"section\" data-settings=\"{&quot;background_background&quot;:&quot;gradient&quot;}\">\n\t\t\t\t\t\t<div class=\"elementor-container elementor-column-gap-default\">\n\t\t\t\t\t<div class=\"elementor-column elementor-col-50 elementor-top-column elementor-element elementor-element-6f2dd1f elementor-invisible\" data-id=\"6f2dd1f\" data-element_type=\"column\" data-settings=\"{&quot;animation&quot;:&quot;fadeInRight&quot;,&quot;animation_delay&quot;:300,&quot;background_background&quot;:&quot;classic&quot;}\">\n\t\t\t<div class=\"elementor-widget-wrap elementor-element-populated\">\n\t\t\t\t\t\t<div class=\"elementor-element elementor-element-518077c elementor-invisible elementor-widget elementor-widget-text-editor\" data-id=\"518077c\" data-element_type=\"widget\" data-settings=\"{&quot;_animation_delay&quot;:600,&quot;_animation&quot;:&quot;fadeInLeft&quot;}\" data-widget_type=\"text-editor.default\">\n\t\t\t\t<div class=\"elementor-widget-container\">\n\t\t\t\t\t\t\t\t\t<p><span style=\"vertical-align: inherit;\"><span style=\"vertical-align: inherit;\">PISCINE &amp; R\u00c9NOVATION entretient votre piscine \u00e0 l&rsquo;ann\u00e9e.<\/span><\/span><\/p><p>Optez pour la tranquillit\u00e9 et le professionnalisme !<\/p>\t\t\t\t\t\t\t\t<\/div>\n\t\t\t\t<\/div>\n\t\t\t\t<div class=\"elementor-element elementor-element-5ad37f2 elementor-icon-list--layout-traditional elementor-list-item-link-full_width elementor-widget elementor-widget-icon-list\" data-id=\"5ad37f2\" data-element_type=\"widget\" data-widget_type=\"icon-list.default\">\n\t\t\t\t<div class=\"elementor-widget-container\">\n\t\t\t\t\t\t\t<ul class=\"elementor-icon-list-items\">\n\t\t\t\t\t\t\t<li class=\"elementor-icon-list-item\">\n\t\t\t\t\t\t\t\t\t\t\t<span class=\"elementor-icon-list-icon\">\n\t\t\t\t\t\t\t<i aria-hidden=\"true\" class=\"fas fa-check\"><\/i>\t\t\t\t\t\t<\/span>\n\t\t\t\t\t\t\t\t\t\t<span class=\"elementor-icon-list-text\">\u00c9tude et DEVIS GRATUIT<\/span>\n\t\t\t\t\t\t\t\t\t<\/li>\n\t\t\t\t\t\t\t\t<li class=\"elementor-icon-list-item\">\n\t\t\t\t\t\t\t\t\t\t\t<span class=\"elementor-icon-list-icon\">\n\t\t\t\t\t\t\t<i aria-hidden=\"true\" class=\"fas fa-check\"><\/i>\t\t\t\t\t\t<\/span>\n\t\t\t\t\t\t\t\t\t\t<span class=\"elementor-icon-list-text\">Contrat d'entretien de piscine<\/span>\n\t\t\t\t\t\t\t\t\t<\/li>\n\t\t\t\t\t\t\t\t<li class=\"elementor-icon-list-item\">\n\t\t\t\t\t\t\t\t\t\t\t<span class=\"elementor-icon-list-icon\">\n\t\t\t\t\t\t\t<i aria-hidden=\"true\" class=\"fas fa-check\"><\/i>\t\t\t\t\t\t<\/span>\n\t\t\t\t\t\t\t\t\t\t<span class=\"elementor-icon-list-text\">Hivernage de piscine<\/span>\n\t\t\t\t\t\t\t\t\t<\/li>\n\t\t\t\t\t\t\t\t<li class=\"elementor-icon-list-item\">\n\t\t\t\t\t\t\t\t\t\t\t<span class=\"elementor-icon-list-icon\">\n\t\t\t\t\t\t\t<i aria-hidden=\"true\" class=\"fas fa-check\"><\/i>\t\t\t\t\t\t<\/span>\n\t\t\t\t\t\t\t\t\t\t<span class=\"elementor-icon-list-text\">Remise en eau<\/span>\n\t\t\t\t\t\t\t\t\t<\/li>\n\t\t\t\t\t\t\t\t<li class=\"elementor-icon-list-item\">\n\t\t\t\t\t\t\t\t\t\t\t<span class=\"elementor-icon-list-icon\">\n\t\t\t\t\t\t\t<i aria-hidden=\"true\" class=\"fas fa-check\"><\/i>\t\t\t\t\t\t<\/span>\n\t\t\t\t\t\t\t\t\t\t<span class=\"elementor-icon-list-text\">Nettoyage et entretien annuel<\/span>\n\t\t\t\t\t\t\t\t\t<\/li>\n\t\t\t\t\t\t<\/ul>\n\t\t\t\t\t\t<\/div>\n\t\t\t\t<\/div>\n\t\t\t\t\t<\/div>\n\t\t<\/div>\n\t\t\t\t<div class=\"elementor-column elementor-col-100 elementor-top-column elementor-element elementor-element-6fc6c73\" data-id=\"6fc6c73\" data-element_type=\"column\">\n\t\t\t<div class=\"elementor-widget-wrap elementor-element-populated\">\n\t\t\t\t\t\t<div class=\"elementor-element elementor-element-c0964c2 elementor-invisible elementor-widget elementor-widget-image\" data-id=\"c0964c2\" data-element_type=\"widget\" data-settings=\"{&quot;_animation&quot;:&quot;fadeInRight&quot;,&quot;_animation_delay&quot;:700}\" data-widget_type=\"image.default\">\n\t\t\t\t<div class=\"elementor-widget-container\">\n\t\t\t\t\t\t\t\t\t\t\t\t\t\t\t\t<a href=\"https:\/\/piscinesetrenovations.fr\/mystaging\/wp-content\/uploads\/2022\/08\/piscine-saint-pargoire.jpg\" data-elementor-open-lightbox=\"yes\" data-elementor-lightbox-title=\"piscine-saint-pargoire\" data-e-action-hash=\"#elementor-action%3Aaction%3Dlightbox%26settings%3DeyJpZCI6MTAxNiwidXJsIjoiaHR0cHM6XC9cL3Bpc2NpbmVzZXRyZW5vdmF0aW9ucy5mclwvbXlzdGFnaW5nXC93cC1jb250ZW50XC91cGxvYWRzXC8yMDIyXC8wOFwvcGlzY2luZS1zYWludC1wYXJnb2lyZS5qcGcifQ%3D%3D\">\n\t\t\t\t\t\t\t<img fetchpriority=\"high\" decoding=\"async\" width=\"1143\" height=\"1239\" src=\"https:\/\/piscinesetrenovations.fr\/mystaging\/wp-content\/uploads\/2022\/08\/piscine-saint-pargoire.jpg\" class=\"elementor-animation-shrink attachment-full size-full wp-image-1016\" alt=\"\" srcset=\"https:\/\/piscinesetrenovations.fr\/mystaging\/wp-content\/uploads\/2022\/08\/piscine-saint-pargoire.jpg 1143w, https:\/\/piscinesetrenovations.fr\/mystaging\/wp-content\/uploads\/2022\/08\/piscine-saint-pargoire-277x300.jpg 277w, https:\/\/piscinesetrenovations.fr\/mystaging\/wp-content\/uploads\/2022\/08\/piscine-saint-pargoire-945x1024.jpg 945w, https:\/\/piscinesetrenovations.fr\/mystaging\/wp-content\/uploads\/2022\/08\/piscine-saint-pargoire-768x833.jpg 768w\" sizes=\"(max-width: 1143px) 100vw, 1143px\" \/>\t\t\t\t\t\t\t\t<\/a>\n\t\t\t\t\t\t\t\t\t\t\t\t\t\t\t<\/div>\n\t\t\t\t<\/div>\n\t\t\t\t<div class=\"elementor-element elementor-element-93d7ca0 elementor-widget elementor-widget-spacer\" data-id=\"93d7ca0\" data-element_type=\"widget\" data-widget_type=\"spacer.default\">\n\t\t\t\t<div class=\"elementor-widget-container\">\n\t\t\t\t\t\t\t<div class=\"elementor-spacer\">\n\t\t\t<div class=\"elementor-spacer-inner\"><\/div>\n\t\t<\/div>\n\t\t\t\t\t\t<\/div>\n\t\t\t\t<\/div>\n\t\t\t\t\t<\/div>\n\t\t<\/div>\n\t\t\t\t\t<\/div>\n\t\t<\/section>\n\t\t\t\t<section class=\"elementor-section elementor-top-section elementor-element elementor-element-15645b7 elementor-section-boxed elementor-section-height-default elementor-section-height-default elementor-invisible\" data-id=\"15645b7\" data-element_type=\"section\" data-settings=\"{&quot;animation&quot;:&quot;fadeInUp&quot;,&quot;animation_delay&quot;:400,&quot;background_background&quot;:&quot;classic&quot;}\">\n\t\t\t\t\t\t<div class=\"elementor-container elementor-column-gap-default\">\n\t\t\t\t\t<div class=\"elementor-column elementor-col-100 elementor-top-column elementor-element elementor-element-92659f0\" data-id=\"92659f0\" data-element_type=\"column\">\n\t\t\t<div class=\"elementor-widget-wrap elementor-element-populated\">\n\t\t\t\t\t\t<div class=\"elementor-element elementor-element-5f482db elementor-invisible elementor-widget elementor-widget-heading\" data-id=\"5f482db\" data-element_type=\"widget\" data-settings=\"{&quot;_animation&quot;:&quot;fadeInLeft&quot;,&quot;_animation_delay&quot;:500}\" data-widget_type=\"heading.default\">\n\t\t\t\t<div class=\"elementor-widget-container\">\n\t\t\t\t\t<p class=\"elementor-heading-title elementor-size-default\">Envie de r\u00e9aliser un devis?<\/p>\t\t\t\t<\/div>\n\t\t\t\t<\/div>\n\t\t\t\t<div class=\"elementor-element elementor-element-cbb67a0 elementor-invisible elementor-widget elementor-widget-heading\" data-id=\"cbb67a0\" data-element_type=\"widget\" data-settings=\"{&quot;_animation&quot;:&quot;fadeInLeft&quot;,&quot;_animation_delay&quot;:600}\" data-widget_type=\"heading.default\">\n\t\t\t\t<div class=\"elementor-widget-container\">\n\t\t\t\t\t<p class=\"elementor-heading-title elementor-size-default\">Nous sommes disponibles pour r\u00e9pondre \u00e0 vos questions et venir vous rencontrer du lundi au samedi de 8h30 \u00e0 19h.<\/p>\t\t\t\t<\/div>\n\t\t\t\t<\/div>\n\t\t\t\t<div class=\"elementor-element elementor-element-eef46af elementor-align-center elementor-mobile-align-justify elementor-button-info elementor-invisible elementor-widget elementor-widget-button\" data-id=\"eef46af\" data-element_type=\"widget\" data-settings=\"{&quot;_animation&quot;:&quot;fadeInUp&quot;,&quot;_animation_delay&quot;:700}\" data-widget_type=\"button.default\">\n\t\t\t\t<div class=\"elementor-widget-container\">\n\t\t\t\t\t\t\t\t\t<div class=\"elementor-button-wrapper\">\n\t\t\t\t\t<a class=\"elementor-button elementor-button-link elementor-size-sm\" href=\"tel:0699318687\">\n\t\t\t\t\t\t<span class=\"elementor-button-content-wrapper\">\n\t\t\t\t\t\t<span class=\"elementor-button-icon\">\n\t\t\t\t<i aria-hidden=\"true\" class=\"fas fa-mobile-alt\"><\/i>\t\t\t<\/span>\n\t\t\t\t\t\t\t\t\t<span class=\"elementor-button-text\">Service commercial 06 99 31 86 87<\/span>\n\t\t\t\t\t<\/span>\n\t\t\t\t\t<\/a>\n\t\t\t\t<\/div>\n\t\t\t\t\t\t\t\t<\/div>\n\t\t\t\t<\/div>\n\t\t\t\t\t<\/div>\n\t\t<\/div>\n\t\t\t\t\t<\/div>\n\t\t<\/section>\n\t\t\t\t<section class=\"elementor-section elementor-top-section elementor-element elementor-element-61e0cb3 elementor-section-stretched elementor-section-boxed elementor-section-height-default elementor-section-height-default\" data-id=\"61e0cb3\" data-element_type=\"section\" data-settings=\"{&quot;stretch_section&quot;:&quot;section-stretched&quot;}\">\n\t\t\t\t\t\t<div class=\"elementor-container elementor-column-gap-default\">\n\t\t\t\t\t<div class=\"elementor-column elementor-col-100 elementor-top-column elementor-element elementor-element-32d41e2\" data-id=\"32d41e2\" data-element_type=\"column\">\n\t\t\t<div class=\"elementor-widget-wrap elementor-element-populated\">\n\t\t\t\t\t\t<div class=\"elementor-element elementor-element-ded00f1 elementor-widget elementor-widget-image\" data-id=\"ded00f1\" data-element_type=\"widget\" data-widget_type=\"image.default\">\n\t\t\t\t<div class=\"elementor-widget-container\">\n\t\t\t\t\t\t\t\t\t\t\t\t\t\t\t<img decoding=\"async\" width=\"1280\" height=\"853\" src=\"https:\/\/piscinesetrenovations.fr\/mystaging\/wp-content\/uploads\/2019\/02\/blue-2705642_1280-2.jpg\" class=\"attachment-full size-full wp-image-48\" alt=\"\" srcset=\"https:\/\/piscinesetrenovations.fr\/mystaging\/wp-content\/uploads\/2019\/02\/blue-2705642_1280-2.jpg 1280w, https:\/\/piscinesetrenovations.fr\/mystaging\/wp-content\/uploads\/2019\/02\/blue-2705642_1280-2-300x200.jpg 300w, https:\/\/piscinesetrenovations.fr\/mystaging\/wp-content\/uploads\/2019\/02\/blue-2705642_1280-2-768x512.jpg 768w, https:\/\/piscinesetrenovations.fr\/mystaging\/wp-content\/uploads\/2019\/02\/blue-2705642_1280-2-1024x682.jpg 1024w\" sizes=\"(max-width: 1280px) 100vw, 1280px\" \/>\t\t\t\t\t\t\t\t\t\t\t\t\t\t\t<\/div>\n\t\t\t\t<\/div>\n\t\t\t\t\t<\/div>\n\t\t<\/div>\n\t\t\t\t\t<\/div>\n\t\t<\/section>\n\t\t\t\t<\/div>\n\t\t","protected":false},"excerpt":{"rendered":"<p>Entretien de piscine PISCINE &amp; R\u00c9NOVATION entretient votre piscine \u00e0 l&rsquo;ann\u00e9e. Optez pour la tranquillit\u00e9 et le professionnalisme ! \u00c9tude et DEVIS GRATUIT Contrat d&rsquo;entretien de piscine Hivernage de piscine Remise en eau Nettoyage et entretien annuel Envie de r\u00e9aliser un devis? Nous sommes disponibles pour r\u00e9pondre \u00e0 vos questions et venir vous rencontrer du &#8230; <a title=\"Entretien de piscine \u00e0 l&rsquo;ann\u00e9e Clermont l&rsquo;H\u00e9rault\" class=\"read-more\" href=\"https:\/\/piscinesetrenovations.fr\/mystaging\/entretien-piscine-clermont-lherault\/\">Lire la suite<span class=\"screen-reader-text\">Entretien de piscine \u00e0 l&rsquo;ann\u00e9e Clermont l&rsquo;H\u00e9rault<\/span><\/a><\/p>\n","protected":false},"author":2,"featured_media":0,"parent":0,"menu_order":0,"comment_status":"closed","ping_status":"closed","template":"elementor_header_footer","meta":{"footnotes":""},"yoast_head":"<!-- This site is optimized with the Yoast SEO plugin v24.5 - https:\/\/yoast.com\/wordpress\/plugins\/seo\/ -->\n<title>ENTRETIEN DE PISCINE |Contrat ann\u00e9e | Piscines &amp; R\u00e9novations<\/title>\n<meta name=\"description\" content=\"Entretien de piscine, contrat d&#039;entretien \u00e0 l&#039;ann\u00e9e \u00e0 Clermont l&#039;H\u00e9rault, P\u00e9zenas, Montpellier, B\u00e9ziers. Particuliers.\" \/>\n<meta name=\"robots\" content=\"noindex, follow, max-snippet:-1, max-image-preview:large, max-video-preview:-1\" \/>\n<meta property=\"og:locale\" content=\"fr_FR\" \/>\n<meta property=\"og:type\" content=\"article\" \/>\n<meta property=\"og:title\" content=\"ENTRETIEN DE PISCINE |Contrat ann\u00e9e | Piscines &amp; R\u00e9novations\" \/>\n<meta property=\"og:description\" content=\"Entretien de piscine, contrat d&#039;entretien \u00e0 l&#039;ann\u00e9e \u00e0 Clermont l&#039;H\u00e9rault, P\u00e9zenas, Montpellier, B\u00e9ziers. Particuliers.\" \/>\n<meta property=\"og:url\" content=\"https:\/\/piscinesetrenovations.fr\/mystaging\/entretien-piscine-clermont-lherault\/\" \/>\n<meta property=\"og:site_name\" content=\"PISCINE ET RENOVATION\" \/>\n<meta property=\"article:publisher\" content=\"https:\/\/www.facebook.com\/piscinesetrenovations\/?modal=admin_todo_tour\" \/>\n<meta property=\"article:modified_time\" content=\"2023-12-10T17:23:18+00:00\" \/>\n<meta property=\"og:image\" content=\"https:\/\/piscinesetrenovations.fr\/mystaging\/wp-content\/uploads\/2022\/08\/piscine-saint-pargoire.jpg\" \/>\n<meta name=\"twitter:card\" content=\"summary_large_image\" \/>\n<meta name=\"twitter:label1\" content=\"Dur\u00e9e de lecture estim\u00e9e\" \/>\n\t<meta name=\"twitter:data1\" content=\"1 minute\" \/>\n<script type=\"application\/ld+json\" class=\"yoast-schema-graph\">{\"@context\":\"https:\/\/schema.org\",\"@graph\":[{\"@type\":\"WebPage\",\"@id\":\"https:\/\/piscinesetrenovations.fr\/mystaging\/entretien-piscine-clermont-lherault\/\",\"url\":\"https:\/\/piscinesetrenovations.fr\/mystaging\/entretien-piscine-clermont-lherault\/\",\"name\":\"ENTRETIEN DE PISCINE |Contrat ann\u00e9e | Piscines & R\u00e9novations\",\"isPartOf\":{\"@id\":\"https:\/\/piscinesetrenovations.fr\/mystaging\/#website\"},\"primaryImageOfPage\":{\"@id\":\"https:\/\/piscinesetrenovations.fr\/mystaging\/entretien-piscine-clermont-lherault\/#primaryimage\"},\"image\":{\"@id\":\"https:\/\/piscinesetrenovations.fr\/mystaging\/entretien-piscine-clermont-lherault\/#primaryimage\"},\"thumbnailUrl\":\"https:\/\/piscinesetrenovations.fr\/mystaging\/wp-content\/uploads\/2022\/08\/piscine-saint-pargoire.jpg\",\"datePublished\":\"2022-09-19T11:18:36+00:00\",\"dateModified\":\"2023-12-10T17:23:18+00:00\",\"description\":\"Entretien de piscine, contrat d'entretien \u00e0 l'ann\u00e9e \u00e0 Clermont l'H\u00e9rault, P\u00e9zenas, Montpellier, B\u00e9ziers. Particuliers.\",\"breadcrumb\":{\"@id\":\"https:\/\/piscinesetrenovations.fr\/mystaging\/entretien-piscine-clermont-lherault\/#breadcrumb\"},\"inLanguage\":\"fr-FR\",\"potentialAction\":[{\"@type\":\"ReadAction\",\"target\":[\"https:\/\/piscinesetrenovations.fr\/mystaging\/entretien-piscine-clermont-lherault\/\"]}]},{\"@type\":\"ImageObject\",\"inLanguage\":\"fr-FR\",\"@id\":\"https:\/\/piscinesetrenovations.fr\/mystaging\/entretien-piscine-clermont-lherault\/#primaryimage\",\"url\":\"https:\/\/piscinesetrenovations.fr\/mystaging\/wp-content\/uploads\/2022\/08\/piscine-saint-pargoire.jpg\",\"contentUrl\":\"https:\/\/piscinesetrenovations.fr\/mystaging\/wp-content\/uploads\/2022\/08\/piscine-saint-pargoire.jpg\",\"width\":1143,\"height\":1239},{\"@type\":\"BreadcrumbList\",\"@id\":\"https:\/\/piscinesetrenovations.fr\/mystaging\/entretien-piscine-clermont-lherault\/#breadcrumb\",\"itemListElement\":[{\"@type\":\"ListItem\",\"position\":1,\"name\":\"Accueil\",\"item\":\"https:\/\/piscinesetrenovations.fr\/mystaging\/\"},{\"@type\":\"ListItem\",\"position\":2,\"name\":\"Entretien de piscine \u00e0 l&rsquo;ann\u00e9e Clermont l&rsquo;H\u00e9rault\"}]},{\"@type\":\"WebSite\",\"@id\":\"https:\/\/piscinesetrenovations.fr\/mystaging\/#website\",\"url\":\"https:\/\/piscinesetrenovations.fr\/mystaging\/\",\"name\":\"PISCINES ET RENOVATIONS\",\"description\":\"Constructeur de piscines Clermont l&#039;H\u00e9rault\",\"publisher\":{\"@id\":\"https:\/\/piscinesetrenovations.fr\/mystaging\/#organization\"},\"potentialAction\":[{\"@type\":\"SearchAction\",\"target\":{\"@type\":\"EntryPoint\",\"urlTemplate\":\"https:\/\/piscinesetrenovations.fr\/mystaging\/?s={search_term_string}\"},\"query-input\":{\"@type\":\"PropertyValueSpecification\",\"valueRequired\":true,\"valueName\":\"search_term_string\"}}],\"inLanguage\":\"fr-FR\"},{\"@type\":\"Organization\",\"@id\":\"https:\/\/piscinesetrenovations.fr\/mystaging\/#organization\",\"name\":\"PISCINES ET RENOVATIONS\",\"url\":\"https:\/\/piscinesetrenovations.fr\/mystaging\/\",\"logo\":{\"@type\":\"ImageObject\",\"inLanguage\":\"fr-FR\",\"@id\":\"https:\/\/piscinesetrenovations.fr\/mystaging\/#\/schema\/logo\/image\/\",\"url\":\"https:\/\/piscinesetrenovations.fr\/mystaging\/wp-content\/uploads\/2019\/04\/logo.png\",\"contentUrl\":\"https:\/\/piscinesetrenovations.fr\/mystaging\/wp-content\/uploads\/2019\/04\/logo.png\",\"width\":300,\"height\":300,\"caption\":\"PISCINES ET RENOVATIONS\"},\"image\":{\"@id\":\"https:\/\/piscinesetrenovations.fr\/mystaging\/#\/schema\/logo\/image\/\"},\"sameAs\":[\"https:\/\/www.facebook.com\/piscinesetrenovations\/?modal=admin_todo_tour\"]}]}<\/script>\n<!-- \/ Yoast SEO plugin. -->","yoast_head_json":{"title":"ENTRETIEN DE PISCINE |Contrat ann\u00e9e | Piscines & R\u00e9novations","description":"Entretien de piscine, contrat d'entretien \u00e0 l'ann\u00e9e \u00e0 Clermont l'H\u00e9rault, P\u00e9zenas, Montpellier, B\u00e9ziers. Particuliers.","robots":{"index":"noindex","follow":"follow","max-snippet":"max-snippet:-1","max-image-preview":"max-image-preview:large","max-video-preview":"max-video-preview:-1"},"og_locale":"fr_FR","og_type":"article","og_title":"ENTRETIEN DE PISCINE |Contrat ann\u00e9e | Piscines & R\u00e9novations","og_description":"Entretien de piscine, contrat d'entretien \u00e0 l'ann\u00e9e \u00e0 Clermont l'H\u00e9rault, P\u00e9zenas, Montpellier, B\u00e9ziers. Particuliers.","og_url":"https:\/\/piscinesetrenovations.fr\/mystaging\/entretien-piscine-clermont-lherault\/","og_site_name":"PISCINE ET RENOVATION","article_publisher":"https:\/\/www.facebook.com\/piscinesetrenovations\/?modal=admin_todo_tour","article_modified_time":"2023-12-10T17:23:18+00:00","og_image":[{"url":"https:\/\/piscinesetrenovations.fr\/mystaging\/wp-content\/uploads\/2022\/08\/piscine-saint-pargoire.jpg","type":"","width":"","height":""}],"twitter_card":"summary_large_image","twitter_misc":{"Dur\u00e9e de lecture estim\u00e9e":"1 minute"},"schema":{"@context":"https:\/\/schema.org","@graph":[{"@type":"WebPage","@id":"https:\/\/piscinesetrenovations.fr\/mystaging\/entretien-piscine-clermont-lherault\/","url":"https:\/\/piscinesetrenovations.fr\/mystaging\/entretien-piscine-clermont-lherault\/","name":"ENTRETIEN DE PISCINE |Contrat ann\u00e9e | Piscines & R\u00e9novations","isPartOf":{"@id":"https:\/\/piscinesetrenovations.fr\/mystaging\/#website"},"primaryImageOfPage":{"@id":"https:\/\/piscinesetrenovations.fr\/mystaging\/entretien-piscine-clermont-lherault\/#primaryimage"},"image":{"@id":"https:\/\/piscinesetrenovations.fr\/mystaging\/entretien-piscine-clermont-lherault\/#primaryimage"},"thumbnailUrl":"https:\/\/piscinesetrenovations.fr\/mystaging\/wp-content\/uploads\/2022\/08\/piscine-saint-pargoire.jpg","datePublished":"2022-09-19T11:18:36+00:00","dateModified":"2023-12-10T17:23:18+00:00","description":"Entretien de piscine, contrat d'entretien \u00e0 l'ann\u00e9e \u00e0 Clermont l'H\u00e9rault, P\u00e9zenas, Montpellier, B\u00e9ziers. Particuliers.","breadcrumb":{"@id":"https:\/\/piscinesetrenovations.fr\/mystaging\/entretien-piscine-clermont-lherault\/#breadcrumb"},"inLanguage":"fr-FR","potentialAction":[{"@type":"ReadAction","target":["https:\/\/piscinesetrenovations.fr\/mystaging\/entretien-piscine-clermont-lherault\/"]}]},{"@type":"ImageObject","inLanguage":"fr-FR","@id":"https:\/\/piscinesetrenovations.fr\/mystaging\/entretien-piscine-clermont-lherault\/#primaryimage","url":"https:\/\/piscinesetrenovations.fr\/mystaging\/wp-content\/uploads\/2022\/08\/piscine-saint-pargoire.jpg","contentUrl":"https:\/\/piscinesetrenovations.fr\/mystaging\/wp-content\/uploads\/2022\/08\/piscine-saint-pargoire.jpg","width":1143,"height":1239},{"@type":"BreadcrumbList","@id":"https:\/\/piscinesetrenovations.fr\/mystaging\/entretien-piscine-clermont-lherault\/#breadcrumb","itemListElement":[{"@type":"ListItem","position":1,"name":"Accueil","item":"https:\/\/piscinesetrenovations.fr\/mystaging\/"},{"@type":"ListItem","position":2,"name":"Entretien de piscine \u00e0 l&rsquo;ann\u00e9e Clermont l&rsquo;H\u00e9rault"}]},{"@type":"WebSite","@id":"https:\/\/piscinesetrenovations.fr\/mystaging\/#website","url":"https:\/\/piscinesetrenovations.fr\/mystaging\/","name":"PISCINES ET RENOVATIONS","description":"Constructeur de piscines Clermont l&#039;H\u00e9rault","publisher":{"@id":"https:\/\/piscinesetrenovations.fr\/mystaging\/#organization"},"potentialAction":[{"@type":"SearchAction","target":{"@type":"EntryPoint","urlTemplate":"https:\/\/piscinesetrenovations.fr\/mystaging\/?s={search_term_string}"},"query-input":{"@type":"PropertyValueSpecification","valueRequired":true,"valueName":"search_term_string"}}],"inLanguage":"fr-FR"},{"@type":"Organization","@id":"https:\/\/piscinesetrenovations.fr\/mystaging\/#organization","name":"PISCINES ET RENOVATIONS","url":"https:\/\/piscinesetrenovations.fr\/mystaging\/","logo":{"@type":"ImageObject","inLanguage":"fr-FR","@id":"https:\/\/piscinesetrenovations.fr\/mystaging\/#\/schema\/logo\/image\/","url":"https:\/\/piscinesetrenovations.fr\/mystaging\/wp-content\/uploads\/2019\/04\/logo.png","contentUrl":"https:\/\/piscinesetrenovations.fr\/mystaging\/wp-content\/uploads\/2019\/04\/logo.png","width":300,"height":300,"caption":"PISCINES ET RENOVATIONS"},"image":{"@id":"https:\/\/piscinesetrenovations.fr\/mystaging\/#\/schema\/logo\/image\/"},"sameAs":["https:\/\/www.facebook.com\/piscinesetrenovations\/?modal=admin_todo_tour"]}]}},"_links":{"self":[{"href":"https:\/\/piscinesetrenovations.fr\/mystaging\/wp-json\/wp\/v2\/pages\/1148"}],"collection":[{"href":"https:\/\/piscinesetrenovations.fr\/mystaging\/wp-json\/wp\/v2\/pages"}],"about":[{"href":"https:\/\/piscinesetrenovations.fr\/mystaging\/wp-json\/wp\/v2\/types\/page"}],"author":[{"embeddable":true,"href":"https:\/\/piscinesetrenovations.fr\/mystaging\/wp-json\/wp\/v2\/users\/2"}],"replies":[{"embeddable":true,"href":"https:\/\/piscinesetrenovations.fr\/mystaging\/wp-json\/wp\/v2\/comments?post=1148"}],"version-history":[{"count":0,"href":"https:\/\/piscinesetrenovations.fr\/mystaging\/wp-json\/wp\/v2\/pages\/1148\/revisions"}],"wp:attachment":[{"href":"https:\/\/piscinesetrenovations.fr\/mystaging\/wp-json\/wp\/v2\/media?parent=1148"}],"curies":[{"name":"wp","href":"https:\/\/api.w.org\/{rel}","templated":true}]}}