{"id":3,"date":"2019-02-28T15:42:26","date_gmt":"2019-02-28T14:42:26","guid":{"rendered":"https:\/\/piscinesetrenovations.fr\/?page_id=3"},"modified":"2021-02-03T13:37:26","modified_gmt":"2021-02-03T12:37:26","slug":"politique-de-confidentialite","status":"publish","type":"page","link":"https:\/\/piscinesetrenovations.fr\/mystaging\/politique-de-confidentialite\/","title":{"rendered":"Mentions l\u00e9gales &#038; Politique de confidentialit\u00e9"},"content":{"rendered":"\t\t<div data-elementor-type=\"wp-post\" data-elementor-id=\"3\" class=\"elementor elementor-3\" data-elementor-post-type=\"page\">\n\t\t\t\t\t\t<section class=\"elementor-section elementor-top-section elementor-element elementor-element-590456b1 elementor-section-boxed elementor-section-height-default elementor-section-height-default\" data-id=\"590456b1\" data-element_type=\"section\">\n\t\t\t\t\t\t<div class=\"elementor-container elementor-column-gap-default\">\n\t\t\t\t\t<div class=\"elementor-column elementor-col-100 elementor-top-column elementor-element elementor-element-5465881f\" data-id=\"5465881f\" data-element_type=\"column\">\n\t\t\t<div class=\"elementor-widget-wrap elementor-element-populated\">\n\t\t\t\t\t\t<div class=\"elementor-element elementor-element-73668e1 elementor-widget elementor-widget-heading\" data-id=\"73668e1\" data-element_type=\"widget\" data-widget_type=\"heading.default\">\n\t\t\t\t<div class=\"elementor-widget-container\">\n\t\t\t\t\t<h2 class=\"elementor-heading-title elementor-size-default\">MENTIONS L\u00c9GALES &amp; POLITIQUE DE CONFIDENTIALIT\u00c9<\/h2>\t\t\t\t<\/div>\n\t\t\t\t<\/div>\n\t\t\t\t<div class=\"elementor-element elementor-element-0f6c5c1 elementor-widget elementor-widget-text-editor\" data-id=\"0f6c5c1\" data-element_type=\"widget\" data-widget_type=\"text-editor.default\">\n\t\t\t\t<div class=\"elementor-widget-container\">\n\t\t\t\t\t\t\t\t\t<h3><strong><span style=\"vertical-align: inherit;\"><span style=\"vertical-align: inherit;\">Ce site est administr\u00e9 par Dylan Schmidt &#8211; PISCINE &amp; R\u00c9NOVATION<\/span><\/span><\/strong><\/h3><ul><li><span style=\"vertical-align: inherit;\"><span style=\"vertical-align: inherit;\">1 Rue Jean de la Fontaine<\/span><\/span><\/li><li><span style=\"vertical-align: inherit;\"><span style=\"vertical-align: inherit;\">34800 CLERMONT L&rsquo;HERAULT<\/span><\/span><\/li><\/ul><p><span style=\"vertical-align: inherit;\"><span style=\"vertical-align: inherit;\">RCS: 848 781 183<\/span><\/span><\/p><p><span style=\"vertical-align: inherit;\"><span style=\"vertical-align: inherit;\">Pour contacter le propri\u00e9taire en droit, merci d&rsquo;utiliser le formulaire de contact<\/span><\/span><\/p><h3><strong><span style=\"vertical-align: inherit;\"><span style=\"vertical-align: inherit;\">Confidentialit\u00e9<\/span><\/span><\/strong><\/h3><p><span style=\"vertical-align: inherit;\"><span style=\"vertical-align: inherit;\">PISCINE &amp; RENOVATION n&rsquo;enregistre pas personnellement l&rsquo;analyse, \u00e0 l&rsquo;exception des formulaires que l&rsquo;utilisateur est libre de remplir. <\/span><span style=\"vertical-align: inherit;\">Ces informations ne seront pas utilis\u00e9es sans votre accord, nous les utiliserons seulement pour vous adresser des courriers, des brochures, des devis ou vous contacter.<\/span><\/span><\/p><p>\u00a0<\/p><div class=\"entry-content\"><p><span style=\"vertical-align: inherit;\"><span style=\"vertical-align: inherit;\">Le site https:\/\/piscinesetrenovations.fr\/mystaging\/se met en conformit\u00e9 avec la r\u00e9glementation RGPD \u00e0 compter du 25 mai 2018.<\/span><\/span><\/p><p><u><span style=\"vertical-align: inherit;\"><span style=\"vertical-align: inherit;\">Utilisation et transmission de vos donn\u00e9es personnelles<\/span><\/span><\/u><\/p><p><span style=\"vertical-align: inherit;\"><span style=\"vertical-align: inherit;\">Notre site de collecte d&rsquo;informations et de donn\u00e9es personnelles par notre formulaire de contact.<\/span><\/span><\/p><p><span style=\"vertical-align: inherit;\"><span style=\"vertical-align: inherit;\">Ces donn\u00e9es servent exclusivement \u00e0 r\u00e9pondre \u00e0 votre demande en ligne.<\/span><\/span><\/p><p><span style=\"vertical-align: inherit;\"><span style=\"vertical-align: inherit;\">Les donn\u00e9es collect\u00e9es sur https:\/\/piscinesetrenovations.fr\/mystaging\/<\/span><\/span><\/p><p><span style=\"vertical-align: inherit;\"><span style=\"vertical-align: inherit;\">-Nom<\/span><\/span><\/p><p><span style=\"vertical-align: inherit;\"><span style=\"vertical-align: inherit;\">-Pr\u00e9nom<\/span><\/span><\/p><p><span style=\"vertical-align: inherit;\"><span style=\"vertical-align: inherit;\">-Nom de l&rsquo;entreprise ou Soci\u00e9t\u00e9<\/span><\/span><\/p><p><span style=\"vertical-align: inherit;\"><span style=\"vertical-align: inherit;\">-T\u00e9l\u00e9phone<\/span><\/span><\/p><p><span style=\"vertical-align: inherit;\"><span style=\"vertical-align: inherit;\">-Email<\/span><\/span><\/p><p><u><span style=\"vertical-align: inherit;\"><span style=\"vertical-align: inherit;\">Dur\u00e9e de stockage de vos donn\u00e9es<\/span><\/span><\/u><\/p><p><span style=\"vertical-align: inherit;\"><span style=\"vertical-align: inherit;\">Nous stockons \u00e9galement les donn\u00e9es personnelles publi\u00e9es dans le profil. <\/span><span style=\"vertical-align: inherit;\">Tous les utilisateurs et utilisatrices peuvent voir, modifier ou supprimer leurs informations personnelles \u00e0 tout moment (\u00e0 l&rsquo;exception de leur nom d&rsquo;utilisateur \u00b7 ice). <\/span><span style=\"vertical-align: inherit;\">Les gestionnaires du site peuvent aussi voir et modifier ces informations.<\/span><\/span><\/p><p><u><span style=\"vertical-align: inherit;\"><span style=\"vertical-align: inherit;\">Les droits que vous avez sur vos donn\u00e9es<\/span><\/span><\/u><\/p><p><span style=\"vertical-align: inherit;\"><span style=\"vertical-align: inherit;\">Si vous avez un compte ou si vous avez laiss\u00e9 des commentaires sur le site, vous pouvez demander \u00e0 recevoir un fichier contenant toutes les donn\u00e9es personnelles que nous poss\u00e9dons \u00e0 votre sujet, incluant celles que vous nous avez fournies. <\/span><span style=\"vertical-align: inherit;\">Vous pouvez \u00e9galement demander la suppression des donn\u00e9es personnelles vous concernant. <\/span><span style=\"vertical-align: inherit;\">Cela ne prend pas en compte les donn\u00e9es stock\u00e9es \u00e0 des fins administratives, l\u00e9gales ou pour des raisons de s\u00e9curit\u00e9.<\/span><\/span><\/p><p><u><span style=\"vertical-align: inherit;\"><span style=\"vertical-align: inherit;\">Commentaires<\/span><\/span><\/u><\/p><p><span style=\"vertical-align: inherit;\"><span style=\"vertical-align: inherit;\">Quand vous laissez un commentaire sur notre site web, les donn\u00e9es inscrites dans le formulaire de commentaire, mais aussi votre adresse IP et l&rsquo;utilisateur de votre navigateur sont collect\u00e9s pour nous aider \u00e0 la d\u00e9tection des commentaires ind\u00e9sirables.<\/span><\/span><\/p><p><span style=\"vertical-align: inherit;\"><span style=\"vertical-align: inherit;\">Une cha\u00eene anonymis\u00e9e cr\u00e9\u00e9e \u00e0 partir de votre adresse de messagerie peut \u00eatre envoy\u00e9e au service Gravatar pour v\u00e9rifier si vous utilisez ce dernier. <\/span><span style=\"vertical-align: inherit;\">Les clauses de confidentialit\u00e9 du service Gravatar sont disponibles ici: https:\/\/automattic.com\/privacy\/. <\/span><span style=\"vertical-align: inherit;\">Apr\u00e8s validation de votre commentaire, votre photo de profil sera visible publiquement \u00e0 cot\u00e9 de votre commentaire.<\/span><\/span><\/p><p><u><span style=\"vertical-align: inherit;\"><span style=\"vertical-align: inherit;\">Biscuits<\/span><\/span><\/u><\/p><p><span style=\"vertical-align: inherit;\"><span style=\"vertical-align: inherit;\">Si vous d\u00e9posez un commentaire sur notre site, il vous sera propos\u00e9 d&rsquo;enregistrer votre nom, adresse de messagerie et site web dans des cookies. <\/span><span style=\"vertical-align: inherit;\">C&rsquo;est uniquement pour votre confort afin de ne pas avoir \u00e0 saisir ces informations si vous d\u00e9posez un autre commentaire plus tard. <\/span><span style=\"vertical-align: inherit;\">Ces cookies expirent au bout d&rsquo;un an.<\/span><\/span><\/p><p><span style=\"vertical-align: inherit;\"><span style=\"vertical-align: inherit;\">Si vous avez un compte et que vous vous connectez sur ce site, un cookie temporaire sera cr\u00e9\u00e9 afin de d\u00e9terminer si votre navigateur accepte les cookies. <\/span><span style=\"vertical-align: inherit;\">Il ne contient pas de donn\u00e9es personnelles et sera automatiquement supprim\u00e9 \u00e0 la fermeture de votre navigateur.<\/span><\/span><\/p><p><span style=\"vertical-align: inherit;\"><span style=\"vertical-align: inherit;\">Lorsque vous vous connecterez, nous mettrons en place un certain nombre de cookies pour enregistrer vos informations de connexion et vos pr\u00e9f\u00e9rences d&rsquo;\u00e9cran. <\/span><span style=\"vertical-align: inherit;\">La dur\u00e9e de vie d&rsquo;un cookie de connexion est de deux jours, celle d&rsquo;un cookie d&rsquo;option d&rsquo;\u00e9cran est d&rsquo;un an. <\/span><span style=\"vertical-align: inherit;\">Si vous cochez \u00abSe souvenir de moi\u00bb, votre cookie de connexion sera conserv\u00e9 pendant deux semaines. <\/span><span style=\"vertical-align: inherit;\">Si vous vous d\u00e9connectez de votre compte, le cookie de connexion sera effac\u00e9.<\/span><\/span><\/p><p><span style=\"vertical-align: inherit;\"><span style=\"vertical-align: inherit;\">En modifiant ou en publiant un article, un cookie suppl\u00e9mentaire sera enregistr\u00e9 dans votre navigateur. <\/span><span style=\"vertical-align: inherit;\">Ce cookie ne comprend aucune donn\u00e9e personnelle. <\/span><span style=\"vertical-align: inherit;\">Il indique simplement l\u2019article que vous venez de modifier. <\/span><span style=\"vertical-align: inherit;\">Il expire au bout d&rsquo;un jour.<\/span><\/span><\/p><p><u><span style=\"vertical-align: inherit;\"><span style=\"vertical-align: inherit;\">Contenu embarqu\u00e9 depuis d&rsquo;autres sites<\/span><\/span><\/u><\/p><p><span style=\"vertical-align: inherit;\"><span style=\"vertical-align: inherit;\">Les articles de ce site peuvent inclure des contenus int\u00e9gr\u00e9s (par exemple des vid\u00e9os, images, articles\u2026). <\/span><span style=\"vertical-align: inherit;\">Le contenu int\u00e9gr\u00e9 depuis d&rsquo;autres sites se comporte de la m\u00eame mani\u00e8re que si le visiteur se rendait sur cet autre site.<\/span><\/span><\/p><p><span style=\"vertical-align: inherit;\"><span style=\"vertical-align: inherit;\">Ces sites web pourraient collecter des donn\u00e9es sur vous, utiliser des cookies, embarquer des outils de suivis tiers, suivre vos interactions avec ces contenus embarqu\u00e9s si vous disposez d&rsquo;un compte connect\u00e9 sur leur site web.<\/span><\/span><\/p><p><u><span style=\"vertical-align: inherit;\"><span style=\"vertical-align: inherit;\">Statistiques et mesures d&rsquo;audience<\/span><\/span><\/u><\/p><p><span style=\"vertical-align: inherit;\"><span style=\"vertical-align: inherit;\">Notre site analyse les visites re\u00e7ues, ainsi que le profil (homme femme) et le lieu de r\u00e9sidence de ses visiteurs, via Google Analytics.<\/span><\/span><\/p><\/div><h3><strong><span style=\"vertical-align: inherit;\"><span style=\"vertical-align: inherit;\">Editeur du site:<\/span><\/span><\/strong><\/h3><div><a href=\"https:\/\/carinemercier.fr\/\"><strong><span style=\"vertical-align: inherit;\"><span style=\"vertical-align: inherit;\"><span style=\"vertical-align: inherit;\"><span style=\"vertical-align: inherit;\">CARINE MERCIER<\/span><\/span><\/span><\/span><\/strong><\/a><\/div><p><span style=\"vertical-align: inherit;\"><span style=\"vertical-align: inherit;\">RCS: 521710384<\/span><\/span><\/p><ul><li><span style=\"vertical-align: inherit;\"><span style=\"vertical-align: inherit;\">34140 MEZE<\/span><\/span><\/li><\/ul><p><img decoding=\"async\" class=\"alignnone  wp-image-824\" src=\"https:\/\/piscinesetrenovations.fr\/mystaging\/wp-content\/uploads\/2019\/02\/123074604_210707043760584_1487872156328911587_n-300x300.png\" alt=\"carine-mercier\" width=\"129\" height=\"129\" srcset=\"https:\/\/piscinesetrenovations.fr\/mystaging\/wp-content\/uploads\/2019\/02\/123074604_210707043760584_1487872156328911587_n-300x300.png 300w, https:\/\/piscinesetrenovations.fr\/mystaging\/wp-content\/uploads\/2019\/02\/123074604_210707043760584_1487872156328911587_n-150x150.png 150w, https:\/\/piscinesetrenovations.fr\/mystaging\/wp-content\/uploads\/2019\/02\/123074604_210707043760584_1487872156328911587_n.png 500w\" sizes=\"(max-width: 129px) 100vw, 129px\" \/><\/p><p>\u00a0<\/p><p><span style=\"vertical-align: inherit;\"><span style=\"vertical-align: inherit;\">H\u00e9bergement aupr\u00e8s de la soci\u00e9t\u00e9 OVH<\/span><\/span><\/p>\t\t\t\t\t\t\t\t<\/div>\n\t\t\t\t<\/div>\n\t\t\t\t\t<\/div>\n\t\t<\/div>\n\t\t\t\t\t<\/div>\n\t\t<\/section>\n\t\t\t\t<\/div>\n\t\t","protected":false},"excerpt":{"rendered":"<p>MENTIONS L\u00c9GALES &#038; POLITIQUE DE CONFIDENTIALIT\u00c9 Ce site est administr\u00e9 par Dylan Schmidt &#8211; PISCINE &amp; R\u00c9NOVATION 1 Rue Jean de la Fontaine 34800 CLERMONT L&rsquo;HERAULT RCS: 848 781 183 Pour contacter le propri\u00e9taire en droit, merci d&rsquo;utiliser le formulaire de contact Confidentialit\u00e9 PISCINE &amp; RENOVATION n&rsquo;enregistre pas personnellement l&rsquo;analyse, \u00e0 l&rsquo;exception des formulaires que &#8230; <a title=\"Mentions l\u00e9gales &#038; Politique de confidentialit\u00e9\" class=\"read-more\" href=\"https:\/\/piscinesetrenovations.fr\/mystaging\/politique-de-confidentialite\/\">Lire la suite<span class=\"screen-reader-text\">Mentions l\u00e9gales &#038; Politique de confidentialit\u00e9<\/span><\/a><\/p>\n","protected":false},"author":1,"featured_media":0,"parent":0,"menu_order":0,"comment_status":"closed","ping_status":"open","template":"elementor_header_footer","meta":{"footnotes":""},"yoast_head":"<!-- This site is optimized with the Yoast SEO plugin v24.5 - https:\/\/yoast.com\/wordpress\/plugins\/seo\/ -->\n<title>Mentions l\u00e9gales &amp; Politique de confidentialit\u00e9 - PISCINE ET RENOVATION<\/title>\n<meta name=\"robots\" content=\"noindex, follow, max-snippet:-1, max-image-preview:large, max-video-preview:-1\" \/>\n<meta property=\"og:locale\" content=\"fr_FR\" \/>\n<meta property=\"og:type\" content=\"article\" \/>\n<meta property=\"og:title\" content=\"Mentions l\u00e9gales &amp; Politique de confidentialit\u00e9 - PISCINE ET RENOVATION\" \/>\n<meta property=\"og:description\" content=\"MENTIONS L\u00c9GALES &#038; POLITIQUE DE CONFIDENTIALIT\u00c9 Ce site est administr\u00e9 par Dylan Schmidt &#8211; PISCINE &amp; R\u00c9NOVATION 1 Rue Jean de la Fontaine 34800 CLERMONT L&rsquo;HERAULT RCS: 848 781 183 Pour contacter le propri\u00e9taire en droit, merci d&rsquo;utiliser le formulaire de contact Confidentialit\u00e9 PISCINE &amp; RENOVATION n&rsquo;enregistre pas personnellement l&rsquo;analyse, \u00e0 l&rsquo;exception des formulaires que ... Lire la suiteMentions l\u00e9gales &#038; Politique de confidentialit\u00e9\" \/>\n<meta property=\"og:url\" content=\"https:\/\/piscinesetrenovations.fr\/mystaging\/politique-de-confidentialite\/\" \/>\n<meta property=\"og:site_name\" content=\"PISCINE ET RENOVATION\" \/>\n<meta property=\"article:publisher\" content=\"https:\/\/www.facebook.com\/piscinesetrenovations\/?modal=admin_todo_tour\" \/>\n<meta property=\"article:modified_time\" content=\"2021-02-03T12:37:26+00:00\" \/>\n<meta property=\"og:image\" content=\"https:\/\/piscinesetrenovations.fr\/mystaging\/wp-content\/uploads\/2019\/02\/123074604_210707043760584_1487872156328911587_n-300x300.png\" \/>\n<meta name=\"twitter:card\" content=\"summary_large_image\" \/>\n<meta name=\"twitter:label1\" content=\"Dur\u00e9e de lecture estim\u00e9e\" \/>\n\t<meta name=\"twitter:data1\" content=\"4 minutes\" \/>\n<script type=\"application\/ld+json\" class=\"yoast-schema-graph\">{\"@context\":\"https:\/\/schema.org\",\"@graph\":[{\"@type\":\"WebPage\",\"@id\":\"https:\/\/piscinesetrenovations.fr\/mystaging\/politique-de-confidentialite\/\",\"url\":\"https:\/\/piscinesetrenovations.fr\/mystaging\/politique-de-confidentialite\/\",\"name\":\"Mentions l\u00e9gales & Politique de confidentialit\u00e9 - PISCINE ET RENOVATION\",\"isPartOf\":{\"@id\":\"https:\/\/piscinesetrenovations.fr\/mystaging\/#website\"},\"primaryImageOfPage\":{\"@id\":\"https:\/\/piscinesetrenovations.fr\/mystaging\/politique-de-confidentialite\/#primaryimage\"},\"image\":{\"@id\":\"https:\/\/piscinesetrenovations.fr\/mystaging\/politique-de-confidentialite\/#primaryimage\"},\"thumbnailUrl\":\"https:\/\/piscinesetrenovations.fr\/mystaging\/wp-content\/uploads\/2019\/02\/123074604_210707043760584_1487872156328911587_n-300x300.png\",\"datePublished\":\"2019-02-28T14:42:26+00:00\",\"dateModified\":\"2021-02-03T12:37:26+00:00\",\"breadcrumb\":{\"@id\":\"https:\/\/piscinesetrenovations.fr\/mystaging\/politique-de-confidentialite\/#breadcrumb\"},\"inLanguage\":\"fr-FR\",\"potentialAction\":[{\"@type\":\"ReadAction\",\"target\":[\"https:\/\/piscinesetrenovations.fr\/mystaging\/politique-de-confidentialite\/\"]}]},{\"@type\":\"ImageObject\",\"inLanguage\":\"fr-FR\",\"@id\":\"https:\/\/piscinesetrenovations.fr\/mystaging\/politique-de-confidentialite\/#primaryimage\",\"url\":\"https:\/\/piscinesetrenovations.fr\/mystaging\/wp-content\/uploads\/2019\/02\/123074604_210707043760584_1487872156328911587_n.png\",\"contentUrl\":\"https:\/\/piscinesetrenovations.fr\/mystaging\/wp-content\/uploads\/2019\/02\/123074604_210707043760584_1487872156328911587_n.png\",\"width\":500,\"height\":500,\"caption\":\"carine-mercier\"},{\"@type\":\"BreadcrumbList\",\"@id\":\"https:\/\/piscinesetrenovations.fr\/mystaging\/politique-de-confidentialite\/#breadcrumb\",\"itemListElement\":[{\"@type\":\"ListItem\",\"position\":1,\"name\":\"Accueil\",\"item\":\"https:\/\/piscinesetrenovations.fr\/mystaging\/\"},{\"@type\":\"ListItem\",\"position\":2,\"name\":\"Mentions l\u00e9gales &#038; Politique de confidentialit\u00e9\"}]},{\"@type\":\"WebSite\",\"@id\":\"https:\/\/piscinesetrenovations.fr\/mystaging\/#website\",\"url\":\"https:\/\/piscinesetrenovations.fr\/mystaging\/\",\"name\":\"PISCINES ET RENOVATIONS\",\"description\":\"Constructeur de piscines Clermont l&#039;H\u00e9rault\",\"publisher\":{\"@id\":\"https:\/\/piscinesetrenovations.fr\/mystaging\/#organization\"},\"potentialAction\":[{\"@type\":\"SearchAction\",\"target\":{\"@type\":\"EntryPoint\",\"urlTemplate\":\"https:\/\/piscinesetrenovations.fr\/mystaging\/?s={search_term_string}\"},\"query-input\":{\"@type\":\"PropertyValueSpecification\",\"valueRequired\":true,\"valueName\":\"search_term_string\"}}],\"inLanguage\":\"fr-FR\"},{\"@type\":\"Organization\",\"@id\":\"https:\/\/piscinesetrenovations.fr\/mystaging\/#organization\",\"name\":\"PISCINES ET RENOVATIONS\",\"url\":\"https:\/\/piscinesetrenovations.fr\/mystaging\/\",\"logo\":{\"@type\":\"ImageObject\",\"inLanguage\":\"fr-FR\",\"@id\":\"https:\/\/piscinesetrenovations.fr\/mystaging\/#\/schema\/logo\/image\/\",\"url\":\"https:\/\/piscinesetrenovations.fr\/mystaging\/wp-content\/uploads\/2019\/04\/logo.png\",\"contentUrl\":\"https:\/\/piscinesetrenovations.fr\/mystaging\/wp-content\/uploads\/2019\/04\/logo.png\",\"width\":300,\"height\":300,\"caption\":\"PISCINES ET RENOVATIONS\"},\"image\":{\"@id\":\"https:\/\/piscinesetrenovations.fr\/mystaging\/#\/schema\/logo\/image\/\"},\"sameAs\":[\"https:\/\/www.facebook.com\/piscinesetrenovations\/?modal=admin_todo_tour\"]}]}<\/script>\n<!-- \/ Yoast SEO plugin. -->","yoast_head_json":{"title":"Mentions l\u00e9gales & Politique de confidentialit\u00e9 - PISCINE ET RENOVATION","robots":{"index":"noindex","follow":"follow","max-snippet":"max-snippet:-1","max-image-preview":"max-image-preview:large","max-video-preview":"max-video-preview:-1"},"og_locale":"fr_FR","og_type":"article","og_title":"Mentions l\u00e9gales & Politique de confidentialit\u00e9 - PISCINE ET RENOVATION","og_description":"MENTIONS L\u00c9GALES &#038; POLITIQUE DE CONFIDENTIALIT\u00c9 Ce site est administr\u00e9 par Dylan Schmidt &#8211; PISCINE &amp; R\u00c9NOVATION 1 Rue Jean de la Fontaine 34800 CLERMONT L&rsquo;HERAULT RCS: 848 781 183 Pour contacter le propri\u00e9taire en droit, merci d&rsquo;utiliser le formulaire de contact Confidentialit\u00e9 PISCINE &amp; RENOVATION n&rsquo;enregistre pas personnellement l&rsquo;analyse, \u00e0 l&rsquo;exception des formulaires que ... Lire la suiteMentions l\u00e9gales &#038; Politique de confidentialit\u00e9","og_url":"https:\/\/piscinesetrenovations.fr\/mystaging\/politique-de-confidentialite\/","og_site_name":"PISCINE ET RENOVATION","article_publisher":"https:\/\/www.facebook.com\/piscinesetrenovations\/?modal=admin_todo_tour","article_modified_time":"2021-02-03T12:37:26+00:00","og_image":[{"url":"https:\/\/piscinesetrenovations.fr\/mystaging\/wp-content\/uploads\/2019\/02\/123074604_210707043760584_1487872156328911587_n-300x300.png","type":"","width":"","height":""}],"twitter_card":"summary_large_image","twitter_misc":{"Dur\u00e9e de lecture estim\u00e9e":"4 minutes"},"schema":{"@context":"https:\/\/schema.org","@graph":[{"@type":"WebPage","@id":"https:\/\/piscinesetrenovations.fr\/mystaging\/politique-de-confidentialite\/","url":"https:\/\/piscinesetrenovations.fr\/mystaging\/politique-de-confidentialite\/","name":"Mentions l\u00e9gales & Politique de confidentialit\u00e9 - PISCINE ET RENOVATION","isPartOf":{"@id":"https:\/\/piscinesetrenovations.fr\/mystaging\/#website"},"primaryImageOfPage":{"@id":"https:\/\/piscinesetrenovations.fr\/mystaging\/politique-de-confidentialite\/#primaryimage"},"image":{"@id":"https:\/\/piscinesetrenovations.fr\/mystaging\/politique-de-confidentialite\/#primaryimage"},"thumbnailUrl":"https:\/\/piscinesetrenovations.fr\/mystaging\/wp-content\/uploads\/2019\/02\/123074604_210707043760584_1487872156328911587_n-300x300.png","datePublished":"2019-02-28T14:42:26+00:00","dateModified":"2021-02-03T12:37:26+00:00","breadcrumb":{"@id":"https:\/\/piscinesetrenovations.fr\/mystaging\/politique-de-confidentialite\/#breadcrumb"},"inLanguage":"fr-FR","potentialAction":[{"@type":"ReadAction","target":["https:\/\/piscinesetrenovations.fr\/mystaging\/politique-de-confidentialite\/"]}]},{"@type":"ImageObject","inLanguage":"fr-FR","@id":"https:\/\/piscinesetrenovations.fr\/mystaging\/politique-de-confidentialite\/#primaryimage","url":"https:\/\/piscinesetrenovations.fr\/mystaging\/wp-content\/uploads\/2019\/02\/123074604_210707043760584_1487872156328911587_n.png","contentUrl":"https:\/\/piscinesetrenovations.fr\/mystaging\/wp-content\/uploads\/2019\/02\/123074604_210707043760584_1487872156328911587_n.png","width":500,"height":500,"caption":"carine-mercier"},{"@type":"BreadcrumbList","@id":"https:\/\/piscinesetrenovations.fr\/mystaging\/politique-de-confidentialite\/#breadcrumb","itemListElement":[{"@type":"ListItem","position":1,"name":"Accueil","item":"https:\/\/piscinesetrenovations.fr\/mystaging\/"},{"@type":"ListItem","position":2,"name":"Mentions l\u00e9gales &#038; Politique de confidentialit\u00e9"}]},{"@type":"WebSite","@id":"https:\/\/piscinesetrenovations.fr\/mystaging\/#website","url":"https:\/\/piscinesetrenovations.fr\/mystaging\/","name":"PISCINES ET RENOVATIONS","description":"Constructeur de piscines Clermont l&#039;H\u00e9rault","publisher":{"@id":"https:\/\/piscinesetrenovations.fr\/mystaging\/#organization"},"potentialAction":[{"@type":"SearchAction","target":{"@type":"EntryPoint","urlTemplate":"https:\/\/piscinesetrenovations.fr\/mystaging\/?s={search_term_string}"},"query-input":{"@type":"PropertyValueSpecification","valueRequired":true,"valueName":"search_term_string"}}],"inLanguage":"fr-FR"},{"@type":"Organization","@id":"https:\/\/piscinesetrenovations.fr\/mystaging\/#organization","name":"PISCINES ET RENOVATIONS","url":"https:\/\/piscinesetrenovations.fr\/mystaging\/","logo":{"@type":"ImageObject","inLanguage":"fr-FR","@id":"https:\/\/piscinesetrenovations.fr\/mystaging\/#\/schema\/logo\/image\/","url":"https:\/\/piscinesetrenovations.fr\/mystaging\/wp-content\/uploads\/2019\/04\/logo.png","contentUrl":"https:\/\/piscinesetrenovations.fr\/mystaging\/wp-content\/uploads\/2019\/04\/logo.png","width":300,"height":300,"caption":"PISCINES ET RENOVATIONS"},"image":{"@id":"https:\/\/piscinesetrenovations.fr\/mystaging\/#\/schema\/logo\/image\/"},"sameAs":["https:\/\/www.facebook.com\/piscinesetrenovations\/?modal=admin_todo_tour"]}]}},"_links":{"self":[{"href":"https:\/\/piscinesetrenovations.fr\/mystaging\/wp-json\/wp\/v2\/pages\/3"}],"collection":[{"href":"https:\/\/piscinesetrenovations.fr\/mystaging\/wp-json\/wp\/v2\/pages"}],"about":[{"href":"https:\/\/piscinesetrenovations.fr\/mystaging\/wp-json\/wp\/v2\/types\/page"}],"author":[{"embeddable":true,"href":"https:\/\/piscinesetrenovations.fr\/mystaging\/wp-json\/wp\/v2\/users\/1"}],"replies":[{"embeddable":true,"href":"https:\/\/piscinesetrenovations.fr\/mystaging\/wp-json\/wp\/v2\/comments?post=3"}],"version-history":[{"count":0,"href":"https:\/\/piscinesetrenovations.fr\/mystaging\/wp-json\/wp\/v2\/pages\/3\/revisions"}],"wp:attachment":[{"href":"https:\/\/piscinesetrenovations.fr\/mystaging\/wp-json\/wp\/v2\/media?parent=3"}],"curies":[{"name":"wp","href":"https:\/\/api.w.org\/{rel}","templated":true}]}}