{"id":534,"date":"2019-04-12T11:34:00","date_gmt":"2019-04-12T09:34:00","guid":{"rendered":"https:\/\/piscinesetrenovations.fr\/?page_id=534"},"modified":"2023-12-11T19:53:47","modified_gmt":"2023-12-11T18:53:47","slug":"tarifs-piscines-en-kit","status":"publish","type":"page","link":"https:\/\/piscinesetrenovations.fr\/mystaging\/tarifs-piscines-en-kit\/","title":{"rendered":"Tarifs et descriptifs des piscines en kit"},"content":{"rendered":"\t\t<div data-elementor-type=\"wp-post\" data-elementor-id=\"534\" class=\"elementor elementor-534\" data-elementor-post-type=\"page\">\n\t\t\t\t\t\t<section class=\"elementor-section elementor-top-section elementor-element elementor-element-e600f5d elementor-section-boxed elementor-section-height-default elementor-section-height-default\" data-id=\"e600f5d\" data-element_type=\"section\">\n\t\t\t\t\t\t<div class=\"elementor-container elementor-column-gap-default\">\n\t\t\t\t\t<div class=\"elementor-column elementor-col-100 elementor-top-column elementor-element elementor-element-7612035\" data-id=\"7612035\" data-element_type=\"column\">\n\t\t\t<div class=\"elementor-widget-wrap elementor-element-populated\">\n\t\t\t\t\t\t<div class=\"elementor-element elementor-element-cc25a00 elementor-widget elementor-widget-heading\" data-id=\"cc25a00\" data-element_type=\"widget\" data-widget_type=\"heading.default\">\n\t\t\t\t<div class=\"elementor-widget-container\">\n\t\t\t\t\t<h2 class=\"elementor-heading-title elementor-size-default\">Nos descriptifs techniques<\/h2>\t\t\t\t<\/div>\n\t\t\t\t<\/div>\n\t\t\t\t<section class=\"elementor-section elementor-inner-section elementor-element elementor-element-731ef71 elementor-section-boxed elementor-section-height-default elementor-section-height-default\" data-id=\"731ef71\" data-element_type=\"section\">\n\t\t\t\t\t\t<div class=\"elementor-container elementor-column-gap-default\">\n\t\t\t\t\t<div class=\"elementor-column elementor-col-50 elementor-inner-column elementor-element elementor-element-7b4d07e\" data-id=\"7b4d07e\" data-element_type=\"column\">\n\t\t\t<div class=\"elementor-widget-wrap elementor-element-populated\">\n\t\t\t\t\t\t<div class=\"elementor-element elementor-element-db54bee elementor-widget elementor-widget-text-editor\" data-id=\"db54bee\" data-element_type=\"widget\" data-widget_type=\"text-editor.default\">\n\t\t\t\t<div class=\"elementor-widget-container\">\n\t\t\t\t\t\t\t\t\t<p><span style=\"vertical-align: inherit;\"><span style=\"vertical-align: inherit;\">Le kit piscine int\u00e9grale comprend:<\/span><\/span><\/p><ul><li><span style=\"vertical-align: inherit;\"><span style=\"vertical-align: inherit;\">Filtre silex 10m3 \/ h HAYWARD<\/span><\/span><\/li><li><span style=\"vertical-align: inherit;\"><span style=\"vertical-align: inherit;\">Pompe d&rsquo;aspiration HAYWARD POWERLINE 0,75 HP MONO<\/span><\/span><\/li><li><span style=\"vertical-align: inherit;\"><span style=\"vertical-align: inherit;\">Man\u0153uvre du coffret<\/span><\/span><\/li><li><span style=\"vertical-align: inherit;\"><span style=\"vertical-align: inherit;\">Projecteur LED blanc<\/span><\/span><\/li><li><span style=\"vertical-align: inherit;\"><span style=\"vertical-align: inherit;\">Tubes pr\u00e9-installation piscine<\/span><\/span><\/li><li><span style=\"vertical-align: inherit;\"><span style=\"vertical-align: inherit;\">Kit entretien<\/span><\/span><\/li><li><span style=\"vertical-align: inherit;\"><span style=\"vertical-align: inherit;\">3 sacs verre ou silex<\/span><\/span><\/li><li><span style=\"vertical-align: inherit;\"><span style=\"vertical-align: inherit;\">Grotte de la pompe vide<\/span><\/span><\/li><\/ul>\t\t\t\t\t\t\t\t<\/div>\n\t\t\t\t<\/div>\n\t\t\t\t\t<\/div>\n\t\t<\/div>\n\t\t\t\t<div class=\"elementor-column elementor-col-50 elementor-inner-column elementor-element elementor-element-d6ed4c5\" data-id=\"d6ed4c5\" data-element_type=\"column\">\n\t\t\t<div class=\"elementor-widget-wrap elementor-element-populated\">\n\t\t\t\t\t\t<div class=\"elementor-element elementor-element-89a0d6d elementor-widget elementor-widget-text-editor\" data-id=\"89a0d6d\" data-element_type=\"widget\" data-widget_type=\"text-editor.default\">\n\t\t\t\t<div class=\"elementor-widget-container\">\n\t\t\t\t\t\t\t\t\t<p>Piscine avec local technique int\u00e9gr\u00e9 \u00e0 la piscine :<\/p><p>Le local technique est int\u00e9gr\u00e9 \u00e0 la piscine et vient de l&rsquo;usine avec toute l&rsquo;installation du syst\u00e8me de filtration, du panneau \u00e9lectrique et d&rsquo;autres options souhait\u00e9es par le client. Un autre avantage de ce syst\u00e8me est que la piscine est livr\u00e9e avec des tuyaux pr\u00e9-assembl\u00e9s pour faciliter l&rsquo;installation.<\/p>\t\t\t\t\t\t\t\t<\/div>\n\t\t\t\t<\/div>\n\t\t\t\t\t<\/div>\n\t\t<\/div>\n\t\t\t\t\t<\/div>\n\t\t<\/section>\n\t\t\t\t\t<\/div>\n\t\t<\/div>\n\t\t\t\t\t<\/div>\n\t\t<\/section>\n\t\t\t\t<section class=\"elementor-section elementor-top-section elementor-element elementor-element-9aeb590 elementor-section-boxed elementor-section-height-default elementor-section-height-default\" data-id=\"9aeb590\" data-element_type=\"section\">\n\t\t\t\t\t\t<div class=\"elementor-container elementor-column-gap-default\">\n\t\t\t\t\t<div class=\"elementor-column elementor-col-100 elementor-top-column elementor-element elementor-element-31406c2\" data-id=\"31406c2\" data-element_type=\"column\">\n\t\t\t<div class=\"elementor-widget-wrap elementor-element-populated\">\n\t\t\t\t\t\t<div class=\"elementor-element elementor-element-397ffbe elementor-widget elementor-widget-text-editor\" data-id=\"397ffbe\" data-element_type=\"widget\" data-widget_type=\"text-editor.default\">\n\t\t\t\t<div class=\"elementor-widget-container\">\n\t\t\t\t\t\t\t\t\t<p><span style=\"vertical-align: inherit;\"><span style=\"vertical-align: inherit;\">\u00a0TARIFS SUR DEMANDE\u00a0<\/span><\/span><\/p>\t\t\t\t\t\t\t\t<\/div>\n\t\t\t\t<\/div>\n\t\t\t\t\t<\/div>\n\t\t<\/div>\n\t\t\t\t\t<\/div>\n\t\t<\/section>\n\t\t\t\t<\/div>\n\t\t","protected":false},"excerpt":{"rendered":"<p>Nos descriptifs techniques Le kit piscine int\u00e9grale comprend: Filtre silex 10m3 \/ h HAYWARD Pompe d&rsquo;aspiration HAYWARD POWERLINE 0,75 HP MONO Man\u0153uvre du coffret Projecteur LED blanc Tubes pr\u00e9-installation piscine Kit entretien 3 sacs verre ou silex Grotte de la pompe vide Piscine avec local technique int\u00e9gr\u00e9 \u00e0 la piscine : Le local technique est &#8230; <a title=\"Tarifs et descriptifs des piscines en kit\" class=\"read-more\" href=\"https:\/\/piscinesetrenovations.fr\/mystaging\/tarifs-piscines-en-kit\/\">Lire la suite<span class=\"screen-reader-text\">Tarifs et descriptifs des piscines en kit<\/span><\/a><\/p>\n","protected":false},"author":2,"featured_media":0,"parent":0,"menu_order":0,"comment_status":"closed","ping_status":"closed","template":"elementor_header_footer","meta":{"footnotes":""},"yoast_head":"<!-- This site is optimized with the Yoast SEO plugin v24.5 - https:\/\/yoast.com\/wordpress\/plugins\/seo\/ -->\n<title>Tarifs et descriptifs des piscines en kit - PISCINE ET RENOVATION<\/title>\n<meta name=\"description\" content=\"Piscines en kit, piscines coque polyester et constructeur de piscines traditionnelles b\u00e9ton \u00e0 Clermont l&#039;H\u00e9rault, P\u00e9zenas, Montpellier, B\u00e9ziers.\" \/>\n<meta name=\"robots\" content=\"noindex, follow, max-snippet:-1, max-image-preview:large, max-video-preview:-1\" \/>\n<meta property=\"og:locale\" content=\"fr_FR\" \/>\n<meta property=\"og:type\" content=\"article\" \/>\n<meta property=\"og:title\" content=\"Tarifs et descriptifs des piscines en kit - PISCINE ET RENOVATION\" \/>\n<meta property=\"og:description\" content=\"Piscines en kit, piscines coque polyester et constructeur de piscines traditionnelles b\u00e9ton \u00e0 Clermont l&#039;H\u00e9rault, P\u00e9zenas, Montpellier, B\u00e9ziers.\" \/>\n<meta property=\"og:url\" content=\"https:\/\/piscinesetrenovations.fr\/mystaging\/tarifs-piscines-en-kit\/\" \/>\n<meta property=\"og:site_name\" content=\"PISCINE ET RENOVATION\" \/>\n<meta property=\"article:publisher\" content=\"https:\/\/www.facebook.com\/piscinesetrenovations\/?modal=admin_todo_tour\" \/>\n<meta property=\"article:modified_time\" content=\"2023-12-11T18:53:47+00:00\" \/>\n<meta name=\"twitter:card\" content=\"summary_large_image\" \/>\n<meta name=\"twitter:label1\" content=\"Dur\u00e9e de lecture estim\u00e9e\" \/>\n\t<meta name=\"twitter:data1\" content=\"1 minute\" \/>\n<script type=\"application\/ld+json\" class=\"yoast-schema-graph\">{\"@context\":\"https:\/\/schema.org\",\"@graph\":[{\"@type\":\"WebPage\",\"@id\":\"https:\/\/piscinesetrenovations.fr\/mystaging\/tarifs-piscines-en-kit\/\",\"url\":\"https:\/\/piscinesetrenovations.fr\/mystaging\/tarifs-piscines-en-kit\/\",\"name\":\"Tarifs et descriptifs des piscines en kit - PISCINE ET RENOVATION\",\"isPartOf\":{\"@id\":\"https:\/\/piscinesetrenovations.fr\/mystaging\/#website\"},\"datePublished\":\"2019-04-12T09:34:00+00:00\",\"dateModified\":\"2023-12-11T18:53:47+00:00\",\"description\":\"Piscines en kit, piscines coque polyester et constructeur de piscines traditionnelles b\u00e9ton \u00e0 Clermont l'H\u00e9rault, P\u00e9zenas, Montpellier, B\u00e9ziers.\",\"breadcrumb\":{\"@id\":\"https:\/\/piscinesetrenovations.fr\/mystaging\/tarifs-piscines-en-kit\/#breadcrumb\"},\"inLanguage\":\"fr-FR\",\"potentialAction\":[{\"@type\":\"ReadAction\",\"target\":[\"https:\/\/piscinesetrenovations.fr\/mystaging\/tarifs-piscines-en-kit\/\"]}]},{\"@type\":\"BreadcrumbList\",\"@id\":\"https:\/\/piscinesetrenovations.fr\/mystaging\/tarifs-piscines-en-kit\/#breadcrumb\",\"itemListElement\":[{\"@type\":\"ListItem\",\"position\":1,\"name\":\"Accueil\",\"item\":\"https:\/\/piscinesetrenovations.fr\/mystaging\/\"},{\"@type\":\"ListItem\",\"position\":2,\"name\":\"Tarifs et descriptifs des piscines en kit\"}]},{\"@type\":\"WebSite\",\"@id\":\"https:\/\/piscinesetrenovations.fr\/mystaging\/#website\",\"url\":\"https:\/\/piscinesetrenovations.fr\/mystaging\/\",\"name\":\"PISCINES ET RENOVATIONS\",\"description\":\"Constructeur de piscines Clermont l&#039;H\u00e9rault\",\"publisher\":{\"@id\":\"https:\/\/piscinesetrenovations.fr\/mystaging\/#organization\"},\"potentialAction\":[{\"@type\":\"SearchAction\",\"target\":{\"@type\":\"EntryPoint\",\"urlTemplate\":\"https:\/\/piscinesetrenovations.fr\/mystaging\/?s={search_term_string}\"},\"query-input\":{\"@type\":\"PropertyValueSpecification\",\"valueRequired\":true,\"valueName\":\"search_term_string\"}}],\"inLanguage\":\"fr-FR\"},{\"@type\":\"Organization\",\"@id\":\"https:\/\/piscinesetrenovations.fr\/mystaging\/#organization\",\"name\":\"PISCINES ET RENOVATIONS\",\"url\":\"https:\/\/piscinesetrenovations.fr\/mystaging\/\",\"logo\":{\"@type\":\"ImageObject\",\"inLanguage\":\"fr-FR\",\"@id\":\"https:\/\/piscinesetrenovations.fr\/mystaging\/#\/schema\/logo\/image\/\",\"url\":\"https:\/\/piscinesetrenovations.fr\/mystaging\/wp-content\/uploads\/2019\/04\/logo.png\",\"contentUrl\":\"https:\/\/piscinesetrenovations.fr\/mystaging\/wp-content\/uploads\/2019\/04\/logo.png\",\"width\":300,\"height\":300,\"caption\":\"PISCINES ET RENOVATIONS\"},\"image\":{\"@id\":\"https:\/\/piscinesetrenovations.fr\/mystaging\/#\/schema\/logo\/image\/\"},\"sameAs\":[\"https:\/\/www.facebook.com\/piscinesetrenovations\/?modal=admin_todo_tour\"]}]}<\/script>\n<!-- \/ Yoast SEO plugin. -->","yoast_head_json":{"title":"Tarifs et descriptifs des piscines en kit - PISCINE ET RENOVATION","description":"Piscines en kit, piscines coque polyester et constructeur de piscines traditionnelles b\u00e9ton \u00e0 Clermont l'H\u00e9rault, P\u00e9zenas, Montpellier, B\u00e9ziers.","robots":{"index":"noindex","follow":"follow","max-snippet":"max-snippet:-1","max-image-preview":"max-image-preview:large","max-video-preview":"max-video-preview:-1"},"og_locale":"fr_FR","og_type":"article","og_title":"Tarifs et descriptifs des piscines en kit - PISCINE ET RENOVATION","og_description":"Piscines en kit, piscines coque polyester et constructeur de piscines traditionnelles b\u00e9ton \u00e0 Clermont l'H\u00e9rault, P\u00e9zenas, Montpellier, B\u00e9ziers.","og_url":"https:\/\/piscinesetrenovations.fr\/mystaging\/tarifs-piscines-en-kit\/","og_site_name":"PISCINE ET RENOVATION","article_publisher":"https:\/\/www.facebook.com\/piscinesetrenovations\/?modal=admin_todo_tour","article_modified_time":"2023-12-11T18:53:47+00:00","twitter_card":"summary_large_image","twitter_misc":{"Dur\u00e9e de lecture estim\u00e9e":"1 minute"},"schema":{"@context":"https:\/\/schema.org","@graph":[{"@type":"WebPage","@id":"https:\/\/piscinesetrenovations.fr\/mystaging\/tarifs-piscines-en-kit\/","url":"https:\/\/piscinesetrenovations.fr\/mystaging\/tarifs-piscines-en-kit\/","name":"Tarifs et descriptifs des piscines en kit - PISCINE ET RENOVATION","isPartOf":{"@id":"https:\/\/piscinesetrenovations.fr\/mystaging\/#website"},"datePublished":"2019-04-12T09:34:00+00:00","dateModified":"2023-12-11T18:53:47+00:00","description":"Piscines en kit, piscines coque polyester et constructeur de piscines traditionnelles b\u00e9ton \u00e0 Clermont l'H\u00e9rault, P\u00e9zenas, Montpellier, B\u00e9ziers.","breadcrumb":{"@id":"https:\/\/piscinesetrenovations.fr\/mystaging\/tarifs-piscines-en-kit\/#breadcrumb"},"inLanguage":"fr-FR","potentialAction":[{"@type":"ReadAction","target":["https:\/\/piscinesetrenovations.fr\/mystaging\/tarifs-piscines-en-kit\/"]}]},{"@type":"BreadcrumbList","@id":"https:\/\/piscinesetrenovations.fr\/mystaging\/tarifs-piscines-en-kit\/#breadcrumb","itemListElement":[{"@type":"ListItem","position":1,"name":"Accueil","item":"https:\/\/piscinesetrenovations.fr\/mystaging\/"},{"@type":"ListItem","position":2,"name":"Tarifs et descriptifs des piscines en kit"}]},{"@type":"WebSite","@id":"https:\/\/piscinesetrenovations.fr\/mystaging\/#website","url":"https:\/\/piscinesetrenovations.fr\/mystaging\/","name":"PISCINES ET RENOVATIONS","description":"Constructeur de piscines Clermont l&#039;H\u00e9rault","publisher":{"@id":"https:\/\/piscinesetrenovations.fr\/mystaging\/#organization"},"potentialAction":[{"@type":"SearchAction","target":{"@type":"EntryPoint","urlTemplate":"https:\/\/piscinesetrenovations.fr\/mystaging\/?s={search_term_string}"},"query-input":{"@type":"PropertyValueSpecification","valueRequired":true,"valueName":"search_term_string"}}],"inLanguage":"fr-FR"},{"@type":"Organization","@id":"https:\/\/piscinesetrenovations.fr\/mystaging\/#organization","name":"PISCINES ET RENOVATIONS","url":"https:\/\/piscinesetrenovations.fr\/mystaging\/","logo":{"@type":"ImageObject","inLanguage":"fr-FR","@id":"https:\/\/piscinesetrenovations.fr\/mystaging\/#\/schema\/logo\/image\/","url":"https:\/\/piscinesetrenovations.fr\/mystaging\/wp-content\/uploads\/2019\/04\/logo.png","contentUrl":"https:\/\/piscinesetrenovations.fr\/mystaging\/wp-content\/uploads\/2019\/04\/logo.png","width":300,"height":300,"caption":"PISCINES ET RENOVATIONS"},"image":{"@id":"https:\/\/piscinesetrenovations.fr\/mystaging\/#\/schema\/logo\/image\/"},"sameAs":["https:\/\/www.facebook.com\/piscinesetrenovations\/?modal=admin_todo_tour"]}]}},"_links":{"self":[{"href":"https:\/\/piscinesetrenovations.fr\/mystaging\/wp-json\/wp\/v2\/pages\/534"}],"collection":[{"href":"https:\/\/piscinesetrenovations.fr\/mystaging\/wp-json\/wp\/v2\/pages"}],"about":[{"href":"https:\/\/piscinesetrenovations.fr\/mystaging\/wp-json\/wp\/v2\/types\/page"}],"author":[{"embeddable":true,"href":"https:\/\/piscinesetrenovations.fr\/mystaging\/wp-json\/wp\/v2\/users\/2"}],"replies":[{"embeddable":true,"href":"https:\/\/piscinesetrenovations.fr\/mystaging\/wp-json\/wp\/v2\/comments?post=534"}],"version-history":[{"count":3,"href":"https:\/\/piscinesetrenovations.fr\/mystaging\/wp-json\/wp\/v2\/pages\/534\/revisions"}],"predecessor-version":[{"id":1668,"href":"https:\/\/piscinesetrenovations.fr\/mystaging\/wp-json\/wp\/v2\/pages\/534\/revisions\/1668"}],"wp:attachment":[{"href":"https:\/\/piscinesetrenovations.fr\/mystaging\/wp-json\/wp\/v2\/media?parent=534"}],"curies":[{"name":"wp","href":"https:\/\/api.w.org\/{rel}","templated":true}]}}