{"id":608,"date":"2019-04-21T10:40:25","date_gmt":"2019-04-21T08:40:25","guid":{"rendered":"https:\/\/piscinesetrenovations.fr\/?page_id=608"},"modified":"2023-12-11T19:59:06","modified_gmt":"2023-12-11T18:59:06","slug":"spas-clermont-lherault","status":"publish","type":"page","link":"https:\/\/piscinesetrenovations.fr\/mystaging\/spas-clermont-lherault\/","title":{"rendered":"Installation de spas Clermont l&rsquo;H\u00e9rault"},"content":{"rendered":"\t\t<div data-elementor-type=\"wp-post\" data-elementor-id=\"608\" class=\"elementor elementor-608\" data-elementor-post-type=\"page\">\n\t\t\t\t\t\t<section class=\"elementor-section elementor-top-section elementor-element elementor-element-0d7ecad elementor-section-boxed elementor-section-height-default elementor-section-height-default\" data-id=\"0d7ecad\" data-element_type=\"section\">\n\t\t\t\t\t\t<div class=\"elementor-container elementor-column-gap-default\">\n\t\t\t\t\t<div class=\"elementor-column elementor-col-100 elementor-top-column elementor-element elementor-element-9b15550\" data-id=\"9b15550\" data-element_type=\"column\">\n\t\t\t<div class=\"elementor-widget-wrap elementor-element-populated\">\n\t\t\t\t\t\t<div class=\"elementor-element elementor-element-55ade52 elementor-widget elementor-widget-heading\" data-id=\"55ade52\" data-element_type=\"widget\" data-widget_type=\"heading.default\">\n\t\t\t\t<div class=\"elementor-widget-container\">\n\t\t\t\t\t<h1 class=\"elementor-heading-title elementor-size-default\">Installation de Spas<\/h1>\t\t\t\t<\/div>\n\t\t\t\t<\/div>\n\t\t\t\t\t<\/div>\n\t\t<\/div>\n\t\t\t\t\t<\/div>\n\t\t<\/section>\n\t\t\t\t<section class=\"elementor-section elementor-top-section elementor-element elementor-element-dbf653a elementor-section-boxed elementor-section-height-default elementor-section-height-default\" data-id=\"dbf653a\" data-element_type=\"section\" data-settings=\"{&quot;background_background&quot;:&quot;gradient&quot;}\">\n\t\t\t\t\t\t<div class=\"elementor-container elementor-column-gap-default\">\n\t\t\t\t\t<div class=\"elementor-column elementor-col-50 elementor-top-column elementor-element elementor-element-6f2dd1f elementor-invisible\" data-id=\"6f2dd1f\" data-element_type=\"column\" data-settings=\"{&quot;animation&quot;:&quot;fadeInRight&quot;,&quot;animation_delay&quot;:300,&quot;background_background&quot;:&quot;classic&quot;}\">\n\t\t\t<div class=\"elementor-widget-wrap elementor-element-populated\">\n\t\t\t\t\t\t<div class=\"elementor-element elementor-element-518077c elementor-invisible elementor-widget elementor-widget-text-editor\" data-id=\"518077c\" data-element_type=\"widget\" data-settings=\"{&quot;_animation_delay&quot;:600,&quot;_animation&quot;:&quot;fadeInLeft&quot;}\" data-widget_type=\"text-editor.default\">\n\t\t\t\t<div class=\"elementor-widget-container\">\n\t\t\t\t\t\t\t\t\t<p><span style=\"vertical-align: inherit;\"><span style=\"vertical-align: inherit;\"><span style=\"vertical-align: inherit;\"><span style=\"vertical-align: inherit;\"><span style=\"vertical-align: inherit;\"><span style=\"vertical-align: inherit;\">PISCINE &amp; R\u00c9NOVATION installe des spas dans votre jardin, dans votre maison ou votre appartement.<\/span><\/span><\/span><\/span><\/span><\/span><\/p>\t\t\t\t\t\t\t\t<\/div>\n\t\t\t\t<\/div>\n\t\t\t\t<div class=\"elementor-element elementor-element-693b304 elementor-invisible elementor-widget elementor-widget-text-editor\" data-id=\"693b304\" data-element_type=\"widget\" data-settings=\"{&quot;_animation_delay&quot;:600,&quot;_animation&quot;:&quot;fadeInLeft&quot;}\" data-widget_type=\"text-editor.default\">\n\t\t\t\t<div class=\"elementor-widget-container\">\n\t\t\t\t\t\t\t\t\t<p><span style=\"vertical-align: inherit;\"><span style=\"vertical-align: inherit;\">Spa 2\/3 places, spa 5\/6 places ou spa 6\/8 places et des spas de nage pour vous relaxant et \/ ou nager en m\u00eame temps.<\/span><\/span><\/p><p><span style=\"vertical-align: inherit;\"><span style=\"vertical-align: inherit;\">Le spa 2\/3 places s&rsquo;int\u00e8gre dans un espace r\u00e9duit avec sa faible surprise au sol. <\/span><\/span><br \/><span style=\"vertical-align: inherit;\"><span style=\"vertical-align: inherit;\">Id\u00e9al en appartement!<\/span><\/span><\/p>\t\t\t\t\t\t\t\t<\/div>\n\t\t\t\t<\/div>\n\t\t\t\t<div class=\"elementor-element elementor-element-5ad37f2 elementor-icon-list--layout-traditional elementor-list-item-link-full_width elementor-widget elementor-widget-icon-list\" data-id=\"5ad37f2\" data-element_type=\"widget\" data-widget_type=\"icon-list.default\">\n\t\t\t\t<div class=\"elementor-widget-container\">\n\t\t\t\t\t\t\t<ul class=\"elementor-icon-list-items\">\n\t\t\t\t\t\t\t<li class=\"elementor-icon-list-item\">\n\t\t\t\t\t\t\t\t\t\t\t<span class=\"elementor-icon-list-icon\">\n\t\t\t\t\t\t\t<i aria-hidden=\"true\" class=\"fas fa-check\"><\/i>\t\t\t\t\t\t<\/span>\n\t\t\t\t\t\t\t\t\t\t<span class=\"elementor-icon-list-text\">\u00c9tude et DEVIS GRATUIT<\/span>\n\t\t\t\t\t\t\t\t\t<\/li>\n\t\t\t\t\t\t\t\t<li class=\"elementor-icon-list-item\">\n\t\t\t\t\t\t\t\t\t\t\t<span class=\"elementor-icon-list-icon\">\n\t\t\t\t\t\t\t<i aria-hidden=\"true\" class=\"fas fa-check\"><\/i>\t\t\t\t\t\t<\/span>\n\t\t\t\t\t\t\t\t\t\t<span class=\"elementor-icon-list-text\">Installation compl\u00e8te et mise en eau<\/span>\n\t\t\t\t\t\t\t\t\t<\/li>\n\t\t\t\t\t\t\t\t<li class=\"elementor-icon-list-item\">\n\t\t\t\t\t\t\t\t\t\t\t<span class=\"elementor-icon-list-icon\">\n\t\t\t\t\t\t\t<i aria-hidden=\"true\" class=\"fas fa-check\"><\/i>\t\t\t\t\t\t<\/span>\n\t\t\t\t\t\t\t\t\t\t<span class=\"elementor-icon-list-text\">GARANTIE D\u00c9CENNALE<\/span>\n\t\t\t\t\t\t\t\t\t<\/li>\n\t\t\t\t\t\t<\/ul>\n\t\t\t\t\t\t<\/div>\n\t\t\t\t<\/div>\n\t\t\t\t\t<\/div>\n\t\t<\/div>\n\t\t\t\t<div class=\"elementor-column elementor-col-100 elementor-top-column elementor-element elementor-element-6fc6c73\" data-id=\"6fc6c73\" data-element_type=\"column\">\n\t\t\t<div class=\"elementor-widget-wrap elementor-element-populated\">\n\t\t\t\t\t\t<div class=\"elementor-element elementor-element-711bd8d elementor-widget elementor-widget-spacer\" data-id=\"711bd8d\" data-element_type=\"widget\" data-widget_type=\"spacer.default\">\n\t\t\t\t<div class=\"elementor-widget-container\">\n\t\t\t\t\t\t\t<div class=\"elementor-spacer\">\n\t\t\t<div class=\"elementor-spacer-inner\"><\/div>\n\t\t<\/div>\n\t\t\t\t\t\t<\/div>\n\t\t\t\t<\/div>\n\t\t\t\t<div class=\"elementor-element elementor-element-3bf57ed elementor-widget elementor-widget-image\" data-id=\"3bf57ed\" data-element_type=\"widget\" data-widget_type=\"image.default\">\n\t\t\t\t<div class=\"elementor-widget-container\">\n\t\t\t\t\t\t\t\t\t\t\t\t\t\t\t<img fetchpriority=\"high\" decoding=\"async\" width=\"345\" height=\"214\" src=\"https:\/\/piscinesetrenovations.fr\/mystaging\/wp-content\/uploads\/2019\/04\/installation-de-spas.png\" class=\"attachment-full size-full wp-image-650\" alt=\"\" srcset=\"https:\/\/piscinesetrenovations.fr\/mystaging\/wp-content\/uploads\/2019\/04\/installation-de-spas.png 345w, https:\/\/piscinesetrenovations.fr\/mystaging\/wp-content\/uploads\/2019\/04\/installation-de-spas-300x186.png 300w\" sizes=\"(max-width: 345px) 100vw, 345px\" \/>\t\t\t\t\t\t\t\t\t\t\t\t\t\t\t<\/div>\n\t\t\t\t<\/div>\n\t\t\t\t<div class=\"elementor-element elementor-element-6c04d6d elementor-widget elementor-widget-image\" data-id=\"6c04d6d\" data-element_type=\"widget\" data-widget_type=\"image.default\">\n\t\t\t\t<div class=\"elementor-widget-container\">\n\t\t\t\t\t\t\t\t\t\t\t\t\t\t\t<img decoding=\"async\" width=\"1280\" height=\"851\" src=\"https:\/\/piscinesetrenovations.fr\/mystaging\/wp-content\/uploads\/2019\/04\/balneotherapy-3926747_1280.jpg\" class=\"attachment-full size-full wp-image-649\" alt=\"\" srcset=\"https:\/\/piscinesetrenovations.fr\/mystaging\/wp-content\/uploads\/2019\/04\/balneotherapy-3926747_1280.jpg 1280w, https:\/\/piscinesetrenovations.fr\/mystaging\/wp-content\/uploads\/2019\/04\/balneotherapy-3926747_1280-300x199.jpg 300w, https:\/\/piscinesetrenovations.fr\/mystaging\/wp-content\/uploads\/2019\/04\/balneotherapy-3926747_1280-768x511.jpg 768w, https:\/\/piscinesetrenovations.fr\/mystaging\/wp-content\/uploads\/2019\/04\/balneotherapy-3926747_1280-1024x681.jpg 1024w\" sizes=\"(max-width: 1280px) 100vw, 1280px\" \/>\t\t\t\t\t\t\t\t\t\t\t\t\t\t\t<\/div>\n\t\t\t\t<\/div>\n\t\t\t\t<div class=\"elementor-element elementor-element-eb00d3c elementor-widget elementor-widget-image\" data-id=\"eb00d3c\" data-element_type=\"widget\" data-widget_type=\"image.default\">\n\t\t\t\t<div class=\"elementor-widget-container\">\n\t\t\t\t\t\t\t\t\t\t\t\t\t\t\t<img decoding=\"async\" width=\"367\" height=\"217\" src=\"https:\/\/piscinesetrenovations.fr\/mystaging\/wp-content\/uploads\/2019\/04\/spa-clermont-lherault.png\" class=\"attachment-full size-full wp-image-651\" alt=\"\" srcset=\"https:\/\/piscinesetrenovations.fr\/mystaging\/wp-content\/uploads\/2019\/04\/spa-clermont-lherault.png 367w, https:\/\/piscinesetrenovations.fr\/mystaging\/wp-content\/uploads\/2019\/04\/spa-clermont-lherault-300x177.png 300w\" sizes=\"(max-width: 367px) 100vw, 367px\" \/>\t\t\t\t\t\t\t\t\t\t\t\t\t\t\t<\/div>\n\t\t\t\t<\/div>\n\t\t\t\t\t<\/div>\n\t\t<\/div>\n\t\t\t\t\t<\/div>\n\t\t<\/section>\n\t\t\t\t<section class=\"elementor-section elementor-top-section elementor-element elementor-element-9167e27 elementor-section-boxed elementor-section-height-default elementor-section-height-default elementor-invisible\" data-id=\"9167e27\" data-element_type=\"section\" data-settings=\"{&quot;animation&quot;:&quot;fadeInUp&quot;,&quot;animation_delay&quot;:400,&quot;background_background&quot;:&quot;classic&quot;}\">\n\t\t\t\t\t\t<div class=\"elementor-container elementor-column-gap-default\">\n\t\t\t\t\t<div class=\"elementor-column elementor-col-100 elementor-top-column elementor-element elementor-element-c2951d1\" data-id=\"c2951d1\" data-element_type=\"column\">\n\t\t\t<div class=\"elementor-widget-wrap elementor-element-populated\">\n\t\t\t\t\t\t<div class=\"elementor-element elementor-element-10f28a8 elementor-invisible elementor-widget elementor-widget-heading\" data-id=\"10f28a8\" data-element_type=\"widget\" data-settings=\"{&quot;_animation&quot;:&quot;fadeInLeft&quot;,&quot;_animation_delay&quot;:500}\" data-widget_type=\"heading.default\">\n\t\t\t\t<div class=\"elementor-widget-container\">\n\t\t\t\t\t<p class=\"elementor-heading-title elementor-size-default\">Envie de r\u00e9aliser un devis?<\/p>\t\t\t\t<\/div>\n\t\t\t\t<\/div>\n\t\t\t\t<div class=\"elementor-element elementor-element-fbaf1c5 elementor-invisible elementor-widget elementor-widget-heading\" data-id=\"fbaf1c5\" data-element_type=\"widget\" data-settings=\"{&quot;_animation&quot;:&quot;fadeInLeft&quot;,&quot;_animation_delay&quot;:600}\" data-widget_type=\"heading.default\">\n\t\t\t\t<div class=\"elementor-widget-container\">\n\t\t\t\t\t<p class=\"elementor-heading-title elementor-size-default\">Nous sommes disponibles pour r\u00e9pondre \u00e0 vos questions et venir vous rencontrer du lundi au samedi de 8h30 \u00e0 19h.<\/p>\t\t\t\t<\/div>\n\t\t\t\t<\/div>\n\t\t\t\t<div class=\"elementor-element elementor-element-50962f7 elementor-align-center elementor-mobile-align-justify elementor-button-info elementor-invisible elementor-widget elementor-widget-button\" data-id=\"50962f7\" data-element_type=\"widget\" data-settings=\"{&quot;_animation&quot;:&quot;fadeInUp&quot;,&quot;_animation_delay&quot;:700}\" data-widget_type=\"button.default\">\n\t\t\t\t<div class=\"elementor-widget-container\">\n\t\t\t\t\t\t\t\t\t<div class=\"elementor-button-wrapper\">\n\t\t\t\t\t<a class=\"elementor-button elementor-button-link elementor-size-sm\" href=\"tel:0699318687\">\n\t\t\t\t\t\t<span class=\"elementor-button-content-wrapper\">\n\t\t\t\t\t\t<span class=\"elementor-button-icon\">\n\t\t\t\t<i aria-hidden=\"true\" class=\"fas fa-mobile-alt\"><\/i>\t\t\t<\/span>\n\t\t\t\t\t\t\t\t\t<span class=\"elementor-button-text\">Service commercial 06 99 31 86 87<\/span>\n\t\t\t\t\t<\/span>\n\t\t\t\t\t<\/a>\n\t\t\t\t<\/div>\n\t\t\t\t\t\t\t\t<\/div>\n\t\t\t\t<\/div>\n\t\t\t\t\t<\/div>\n\t\t<\/div>\n\t\t\t\t\t<\/div>\n\t\t<\/section>\n\t\t\t\t<\/div>\n\t\t","protected":false},"excerpt":{"rendered":"<p>Installation de Spas PISCINE &amp; R\u00c9NOVATION installe des spas dans votre jardin, dans votre maison ou votre appartement. Spa 2\/3 places, spa 5\/6 places ou spa 6\/8 places et des spas de nage pour vous relaxant et \/ ou nager en m\u00eame temps. Le spa 2\/3 places s&rsquo;int\u00e8gre dans un espace r\u00e9duit avec sa faible &#8230; <a title=\"Installation de spas Clermont l&rsquo;H\u00e9rault\" class=\"read-more\" href=\"https:\/\/piscinesetrenovations.fr\/mystaging\/spas-clermont-lherault\/\">Lire la suite<span class=\"screen-reader-text\">Installation de spas Clermont l&rsquo;H\u00e9rault<\/span><\/a><\/p>\n","protected":false},"author":2,"featured_media":0,"parent":0,"menu_order":0,"comment_status":"closed","ping_status":"closed","template":"elementor_header_footer","meta":{"footnotes":""},"yoast_head":"<!-- This site is optimized with the Yoast SEO plugin v24.5 - https:\/\/yoast.com\/wordpress\/plugins\/seo\/ -->\n<title>Installation de spas Clermont l&#039;H\u00e9rault - PISCINE ET RENOVATION<\/title>\n<meta name=\"description\" content=\"Construction de piscines et installation de spas \u00e0 Clermont l&#039;H\u00e9rault, P\u00e9zenas, Montpellier, B\u00e9ziers, S\u00e8te. Piscines en kit.\" \/>\n<meta name=\"robots\" content=\"noindex, follow, max-snippet:-1, max-image-preview:large, max-video-preview:-1\" \/>\n<meta property=\"og:locale\" content=\"fr_FR\" \/>\n<meta property=\"og:type\" content=\"article\" \/>\n<meta property=\"og:title\" content=\"Installation de spas Clermont l&#039;H\u00e9rault - PISCINE ET RENOVATION\" \/>\n<meta property=\"og:description\" content=\"Construction de piscines et installation de spas \u00e0 Clermont l&#039;H\u00e9rault, P\u00e9zenas, Montpellier, B\u00e9ziers, S\u00e8te. Piscines en kit.\" \/>\n<meta property=\"og:url\" content=\"https:\/\/piscinesetrenovations.fr\/mystaging\/spas-clermont-lherault\/\" \/>\n<meta property=\"og:site_name\" content=\"PISCINE ET RENOVATION\" \/>\n<meta property=\"article:publisher\" content=\"https:\/\/www.facebook.com\/piscinesetrenovations\/?modal=admin_todo_tour\" \/>\n<meta property=\"article:modified_time\" content=\"2023-12-11T18:59:06+00:00\" \/>\n<meta property=\"og:image\" content=\"https:\/\/piscinesetrenovations.fr\/mystaging\/wp-content\/uploads\/2019\/04\/installation-de-spas.png\" \/>\n<meta name=\"twitter:card\" content=\"summary_large_image\" \/>\n<meta name=\"twitter:label1\" content=\"Dur\u00e9e de lecture estim\u00e9e\" \/>\n\t<meta name=\"twitter:data1\" content=\"2 minutes\" \/>\n<script type=\"application\/ld+json\" class=\"yoast-schema-graph\">{\"@context\":\"https:\/\/schema.org\",\"@graph\":[{\"@type\":\"WebPage\",\"@id\":\"https:\/\/piscinesetrenovations.fr\/mystaging\/spas-clermont-lherault\/\",\"url\":\"https:\/\/piscinesetrenovations.fr\/mystaging\/spas-clermont-lherault\/\",\"name\":\"Installation de spas Clermont l'H\u00e9rault - PISCINE ET RENOVATION\",\"isPartOf\":{\"@id\":\"https:\/\/piscinesetrenovations.fr\/mystaging\/#website\"},\"primaryImageOfPage\":{\"@id\":\"https:\/\/piscinesetrenovations.fr\/mystaging\/spas-clermont-lherault\/#primaryimage\"},\"image\":{\"@id\":\"https:\/\/piscinesetrenovations.fr\/mystaging\/spas-clermont-lherault\/#primaryimage\"},\"thumbnailUrl\":\"https:\/\/piscinesetrenovations.fr\/mystaging\/wp-content\/uploads\/2019\/04\/installation-de-spas.png\",\"datePublished\":\"2019-04-21T08:40:25+00:00\",\"dateModified\":\"2023-12-11T18:59:06+00:00\",\"description\":\"Construction de piscines et installation de spas \u00e0 Clermont l'H\u00e9rault, P\u00e9zenas, Montpellier, B\u00e9ziers, S\u00e8te. Piscines en kit.\",\"breadcrumb\":{\"@id\":\"https:\/\/piscinesetrenovations.fr\/mystaging\/spas-clermont-lherault\/#breadcrumb\"},\"inLanguage\":\"fr-FR\",\"potentialAction\":[{\"@type\":\"ReadAction\",\"target\":[\"https:\/\/piscinesetrenovations.fr\/mystaging\/spas-clermont-lherault\/\"]}]},{\"@type\":\"ImageObject\",\"inLanguage\":\"fr-FR\",\"@id\":\"https:\/\/piscinesetrenovations.fr\/mystaging\/spas-clermont-lherault\/#primaryimage\",\"url\":\"https:\/\/piscinesetrenovations.fr\/mystaging\/wp-content\/uploads\/2019\/04\/installation-de-spas.png\",\"contentUrl\":\"https:\/\/piscinesetrenovations.fr\/mystaging\/wp-content\/uploads\/2019\/04\/installation-de-spas.png\",\"width\":345,\"height\":214},{\"@type\":\"BreadcrumbList\",\"@id\":\"https:\/\/piscinesetrenovations.fr\/mystaging\/spas-clermont-lherault\/#breadcrumb\",\"itemListElement\":[{\"@type\":\"ListItem\",\"position\":1,\"name\":\"Accueil\",\"item\":\"https:\/\/piscinesetrenovations.fr\/mystaging\/\"},{\"@type\":\"ListItem\",\"position\":2,\"name\":\"Installation de spas Clermont l&rsquo;H\u00e9rault\"}]},{\"@type\":\"WebSite\",\"@id\":\"https:\/\/piscinesetrenovations.fr\/mystaging\/#website\",\"url\":\"https:\/\/piscinesetrenovations.fr\/mystaging\/\",\"name\":\"PISCINES ET RENOVATIONS\",\"description\":\"Constructeur de piscines Clermont l&#039;H\u00e9rault\",\"publisher\":{\"@id\":\"https:\/\/piscinesetrenovations.fr\/mystaging\/#organization\"},\"potentialAction\":[{\"@type\":\"SearchAction\",\"target\":{\"@type\":\"EntryPoint\",\"urlTemplate\":\"https:\/\/piscinesetrenovations.fr\/mystaging\/?s={search_term_string}\"},\"query-input\":{\"@type\":\"PropertyValueSpecification\",\"valueRequired\":true,\"valueName\":\"search_term_string\"}}],\"inLanguage\":\"fr-FR\"},{\"@type\":\"Organization\",\"@id\":\"https:\/\/piscinesetrenovations.fr\/mystaging\/#organization\",\"name\":\"PISCINES ET RENOVATIONS\",\"url\":\"https:\/\/piscinesetrenovations.fr\/mystaging\/\",\"logo\":{\"@type\":\"ImageObject\",\"inLanguage\":\"fr-FR\",\"@id\":\"https:\/\/piscinesetrenovations.fr\/mystaging\/#\/schema\/logo\/image\/\",\"url\":\"https:\/\/piscinesetrenovations.fr\/mystaging\/wp-content\/uploads\/2019\/04\/logo.png\",\"contentUrl\":\"https:\/\/piscinesetrenovations.fr\/mystaging\/wp-content\/uploads\/2019\/04\/logo.png\",\"width\":300,\"height\":300,\"caption\":\"PISCINES ET RENOVATIONS\"},\"image\":{\"@id\":\"https:\/\/piscinesetrenovations.fr\/mystaging\/#\/schema\/logo\/image\/\"},\"sameAs\":[\"https:\/\/www.facebook.com\/piscinesetrenovations\/?modal=admin_todo_tour\"]}]}<\/script>\n<!-- \/ Yoast SEO plugin. -->","yoast_head_json":{"title":"Installation de spas Clermont l'H\u00e9rault - PISCINE ET RENOVATION","description":"Construction de piscines et installation de spas \u00e0 Clermont l'H\u00e9rault, P\u00e9zenas, Montpellier, B\u00e9ziers, S\u00e8te. Piscines en kit.","robots":{"index":"noindex","follow":"follow","max-snippet":"max-snippet:-1","max-image-preview":"max-image-preview:large","max-video-preview":"max-video-preview:-1"},"og_locale":"fr_FR","og_type":"article","og_title":"Installation de spas Clermont l'H\u00e9rault - PISCINE ET RENOVATION","og_description":"Construction de piscines et installation de spas \u00e0 Clermont l'H\u00e9rault, P\u00e9zenas, Montpellier, B\u00e9ziers, S\u00e8te. Piscines en kit.","og_url":"https:\/\/piscinesetrenovations.fr\/mystaging\/spas-clermont-lherault\/","og_site_name":"PISCINE ET RENOVATION","article_publisher":"https:\/\/www.facebook.com\/piscinesetrenovations\/?modal=admin_todo_tour","article_modified_time":"2023-12-11T18:59:06+00:00","og_image":[{"url":"https:\/\/piscinesetrenovations.fr\/mystaging\/wp-content\/uploads\/2019\/04\/installation-de-spas.png","type":"","width":"","height":""}],"twitter_card":"summary_large_image","twitter_misc":{"Dur\u00e9e de lecture estim\u00e9e":"2 minutes"},"schema":{"@context":"https:\/\/schema.org","@graph":[{"@type":"WebPage","@id":"https:\/\/piscinesetrenovations.fr\/mystaging\/spas-clermont-lherault\/","url":"https:\/\/piscinesetrenovations.fr\/mystaging\/spas-clermont-lherault\/","name":"Installation de spas Clermont l'H\u00e9rault - PISCINE ET RENOVATION","isPartOf":{"@id":"https:\/\/piscinesetrenovations.fr\/mystaging\/#website"},"primaryImageOfPage":{"@id":"https:\/\/piscinesetrenovations.fr\/mystaging\/spas-clermont-lherault\/#primaryimage"},"image":{"@id":"https:\/\/piscinesetrenovations.fr\/mystaging\/spas-clermont-lherault\/#primaryimage"},"thumbnailUrl":"https:\/\/piscinesetrenovations.fr\/mystaging\/wp-content\/uploads\/2019\/04\/installation-de-spas.png","datePublished":"2019-04-21T08:40:25+00:00","dateModified":"2023-12-11T18:59:06+00:00","description":"Construction de piscines et installation de spas \u00e0 Clermont l'H\u00e9rault, P\u00e9zenas, Montpellier, B\u00e9ziers, S\u00e8te. Piscines en kit.","breadcrumb":{"@id":"https:\/\/piscinesetrenovations.fr\/mystaging\/spas-clermont-lherault\/#breadcrumb"},"inLanguage":"fr-FR","potentialAction":[{"@type":"ReadAction","target":["https:\/\/piscinesetrenovations.fr\/mystaging\/spas-clermont-lherault\/"]}]},{"@type":"ImageObject","inLanguage":"fr-FR","@id":"https:\/\/piscinesetrenovations.fr\/mystaging\/spas-clermont-lherault\/#primaryimage","url":"https:\/\/piscinesetrenovations.fr\/mystaging\/wp-content\/uploads\/2019\/04\/installation-de-spas.png","contentUrl":"https:\/\/piscinesetrenovations.fr\/mystaging\/wp-content\/uploads\/2019\/04\/installation-de-spas.png","width":345,"height":214},{"@type":"BreadcrumbList","@id":"https:\/\/piscinesetrenovations.fr\/mystaging\/spas-clermont-lherault\/#breadcrumb","itemListElement":[{"@type":"ListItem","position":1,"name":"Accueil","item":"https:\/\/piscinesetrenovations.fr\/mystaging\/"},{"@type":"ListItem","position":2,"name":"Installation de spas Clermont l&rsquo;H\u00e9rault"}]},{"@type":"WebSite","@id":"https:\/\/piscinesetrenovations.fr\/mystaging\/#website","url":"https:\/\/piscinesetrenovations.fr\/mystaging\/","name":"PISCINES ET RENOVATIONS","description":"Constructeur de piscines Clermont l&#039;H\u00e9rault","publisher":{"@id":"https:\/\/piscinesetrenovations.fr\/mystaging\/#organization"},"potentialAction":[{"@type":"SearchAction","target":{"@type":"EntryPoint","urlTemplate":"https:\/\/piscinesetrenovations.fr\/mystaging\/?s={search_term_string}"},"query-input":{"@type":"PropertyValueSpecification","valueRequired":true,"valueName":"search_term_string"}}],"inLanguage":"fr-FR"},{"@type":"Organization","@id":"https:\/\/piscinesetrenovations.fr\/mystaging\/#organization","name":"PISCINES ET RENOVATIONS","url":"https:\/\/piscinesetrenovations.fr\/mystaging\/","logo":{"@type":"ImageObject","inLanguage":"fr-FR","@id":"https:\/\/piscinesetrenovations.fr\/mystaging\/#\/schema\/logo\/image\/","url":"https:\/\/piscinesetrenovations.fr\/mystaging\/wp-content\/uploads\/2019\/04\/logo.png","contentUrl":"https:\/\/piscinesetrenovations.fr\/mystaging\/wp-content\/uploads\/2019\/04\/logo.png","width":300,"height":300,"caption":"PISCINES ET RENOVATIONS"},"image":{"@id":"https:\/\/piscinesetrenovations.fr\/mystaging\/#\/schema\/logo\/image\/"},"sameAs":["https:\/\/www.facebook.com\/piscinesetrenovations\/?modal=admin_todo_tour"]}]}},"_links":{"self":[{"href":"https:\/\/piscinesetrenovations.fr\/mystaging\/wp-json\/wp\/v2\/pages\/608"}],"collection":[{"href":"https:\/\/piscinesetrenovations.fr\/mystaging\/wp-json\/wp\/v2\/pages"}],"about":[{"href":"https:\/\/piscinesetrenovations.fr\/mystaging\/wp-json\/wp\/v2\/types\/page"}],"author":[{"embeddable":true,"href":"https:\/\/piscinesetrenovations.fr\/mystaging\/wp-json\/wp\/v2\/users\/2"}],"replies":[{"embeddable":true,"href":"https:\/\/piscinesetrenovations.fr\/mystaging\/wp-json\/wp\/v2\/comments?post=608"}],"version-history":[{"count":18,"href":"https:\/\/piscinesetrenovations.fr\/mystaging\/wp-json\/wp\/v2\/pages\/608\/revisions"}],"predecessor-version":[{"id":1686,"href":"https:\/\/piscinesetrenovations.fr\/mystaging\/wp-json\/wp\/v2\/pages\/608\/revisions\/1686"}],"wp:attachment":[{"href":"https:\/\/piscinesetrenovations.fr\/mystaging\/wp-json\/wp\/v2\/media?parent=608"}],"curies":[{"name":"wp","href":"https:\/\/api.w.org\/{rel}","templated":true}]}}